{"id":8,"date":"2025-03-24T08:57:18","date_gmt":"2025-03-24T08:57:18","guid":{"rendered":"https:\/\/www.fitforfuture.fi\/?page_id=8"},"modified":"2025-09-25T15:00:12","modified_gmt":"2025-09-25T15:00:12","slug":"palvelut","status":"publish","type":"page","link":"https:\/\/www.fitforfuture.fi\/index.php\/etusivu\/palvelut\/","title":{"rendered":"Palvelut"},"content":{"rendered":"\n<figure class=\"wp-block-image size-large\"><img loading=\"lazy\" decoding=\"async\" width=\"1024\" height=\"435\" src=\"https:\/\/www.fitforfuture.fi\/wp-content\/uploads\/2025\/03\/FFF-female-facilitator-blue-text-1024x435.jpg\" alt=\"Fit for Future -ty\u00f6paja\" class=\"wp-image-24\" srcset=\"https:\/\/www.fitforfuture.fi\/wp-content\/uploads\/2025\/03\/FFF-female-facilitator-blue-text-1024x435.jpg 1024w, https:\/\/www.fitforfuture.fi\/wp-content\/uploads\/2025\/03\/FFF-female-facilitator-blue-text-300x128.jpg 300w, https:\/\/www.fitforfuture.fi\/wp-content\/uploads\/2025\/03\/FFF-female-facilitator-blue-text-768x326.jpg 768w, https:\/\/www.fitforfuture.fi\/wp-content\/uploads\/2025\/03\/FFF-female-facilitator-blue-text.jpg 1280w\" sizes=\"auto, (max-width: 767px) 89vw, (max-width: 1000px) 54vw, (max-width: 1071px) 543px, 580px\" \/><\/figure>\n\n\n\n<p><strong>FIT FOR FUTURE &#8211; VALMIINA TULEVAAN<\/strong>!<\/p>\n\n\n\n<p><\/p>\n\n\n\n<p><strong>Mik\u00e4 on Fit for Future?<\/strong>&nbsp;<\/p>\n\n\n\n<p>Fit for Future on yrityksen kehitt\u00e4misen konsepti, jossa yrityksen henkil\u00f6st\u00f6 kehitt\u00e4\u00e4 omaa toimintaansa ketter\u00e4sti ja k\u00e4yt\u00e4nn\u00f6nl\u00e4heisesti\u2028.<\/p>\n\n\n\n<p><strong>Kenelle Fit for Future on tarkoitettu?<\/strong>&nbsp;<\/p>\n\n\n\n<p>Fit for Future &#8211; ty\u00f6paja sopii kaikenkokoisille yrityksille, mutta erityisesti se on suunnattu mikro- ja pk-yrityksille, jotka haluavat ketter\u00e4\u00e4 ja k\u00e4yt\u00e4nn\u00f6nl\u00e4heist\u00e4 kehitt\u00e4mist\u00e4.\u2028<\/p>\n\n\n\n<p><strong>Miss\u00e4 tilanteissa Fit for Future -ty\u00f6pajasta on erityist\u00e4 hy\u00f6ty\u00e4?<\/strong><\/p>\n\n\n\n<ul class=\"wp-block-list\">\n<li>Liiketoiminnan kehitt\u00e4minen\u200b<\/li>\n\n\n\n<li>\u200bMuutosjohtaminen\u200b<\/li>\n\n\n\n<li>\u200bYrityksen tulevaisuuden suunnittelu\u200b<\/li>\n\n\n\n<li>\u200bKetter\u00e4n organisaatio\u200bkulttuurin rakentaminen<\/li>\n\n\n\n<li>\u200bStrategiaty\u00f6paja\u200b<\/li>\n\n\n\n<li>\u200bYrityksen strategian toteuttaminen\u200b<\/li>\n\n\n\n<li>\u200bHenkil\u00f6st\u00f6n osallistaminen\u200b<\/li>\n\n\n\n<li>\u200bTulevaisuuden menestystekij\u00f6iden kartoitus<\/li>\n<\/ul>\n\n\n\n<p><strong>Miten Fit for Future -ty\u00f6paja toimii?<\/strong><\/p>\n\n\n\n<ul class=\"wp-block-list\">\n<li>Fit for Future -ty\u00f6pajaan osallistetaan laaja joukko yrityksen eri teht\u00e4viss\u00e4 toimivia henkil\u00f6it\u00e4, max 20 hl\u00f6\u00e4.&nbsp;<\/li>\n\n\n\n<li>Heill\u00e4 ei tarvitse olla osaamista viitekehyksest\u00e4, vaan ainoastaan omasta teht\u00e4v\u00e4kent\u00e4st\u00e4\u00e4n ja mielell\u00e4\u00e4n my\u00f6s n\u00e4kemyst\u00e4 sen kehitt\u00e4misest\u00e4.&nbsp;<\/li>\n\n\n\n<li>Kokenut ty\u00f6pajan vet\u00e4j\u00e4 pohjustaa teemat yksi kerrallaan, jonka j\u00e4lkeen osallistujat tunnistavat oman yrityksens\u00e4 vahvuuksia ja kehitt\u00e4misalueita kyseiseen teemaan liittyen.&nbsp;<\/li>\n\n\n\n<li>Kun yrityksen toiminta eri teemojen osalta on k\u00e4yty l\u00e4pi, tehd\u00e4\u00e4n viel\u00e4 yhteenveto keskeisimmist\u00e4 vahvuuksista ja kehitt\u00e4misalueista.&nbsp;<\/li>\n\n\n\n<li>Lopuksi kehitt\u00e4misalueet priorisoidaan ja valitaan kriittiset fokusalueet (huom. fokusalue voi olla my\u00f6s yrityksen nykyinenkin vahvuus).<\/li>\n<\/ul>\n\n\n\n<p><strong>Mit\u00e4 Fit for Future -ty\u00f6pajalla saavutetaan?<\/strong><\/p>\n\n\n\n<ul class=\"wp-block-list\">\n<li>Kaikki saadaan samalle kartalle yrityksen tulevaisuuden menestyksen rakentamiseksi.<\/li>\n\n\n\n<li>Lopputuloksena syntyv\u00e4t yrityksen askelmerkit suorituskyvyn yll\u00e4pit\u00e4miseksi ja kehitt\u00e4miseksi.&nbsp;<\/li>\n\n\n\n<li>Yrityksen strategian toteuttaminen selkenee ja suoraviivaistuu.<\/li>\n\n\n\n<li>Lis\u00e4ksi henkil\u00f6st\u00f6 on entist\u00e4 paremmin sitoutunut yrityksen kest\u00e4v\u00e4n tulevaisuuden rakentamiseen.<\/li>\n<\/ul>\n\n\n\n<p><strong>Mit\u00e4 Fit for Future -ty\u00f6paja maksaa?&nbsp;<\/strong><\/p>\n\n\n\n<p>Fit for Future -ty\u00f6paja <strong>kest\u00e4\u00e4 noin 4 tuntia ja maksaa 2450\u20ac (+alv)<\/strong>. Eli jos osallistujia on esimerkiksi 20, tulee hinnaksi vain 122,50\u20ac\/hl\u00f6.<\/p>\n\n\n\n<div class=\"wp-block-buttons is-layout-flex wp-block-buttons-is-layout-flex\">\n<div class=\"wp-block-button\"><a class=\"wp-block-button__link wp-element-button\" href=\"https:\/\/www.fitforfuture.fi\/index.php\/etusivu\/yhteystiedot\/\">Ota yhteytt\u00e4<\/a><\/div>\n<\/div>\n\n\n\n<p><\/p>\n\n\n\n<p><strong>Mit\u00e4 muita palveluita Fit for Future -konseptiin kuuluu?<\/strong><\/p>\n\n\n\n<p>Fit for Future -konseptiin kuuluu my\u00f6s muita haluttua tulevaisuutta mahdollistavia palveluita:<\/p>\n\n\n\n<ul class=\"wp-block-list\">\n<li><strong>Lead for Future<\/strong> (johtamisvalmennus, sis. SHL:n kompetenssikartoituksen)<\/li>\n\n\n\n<li><strong>Team for Future<\/strong> (tiimikoulutus yhteisty\u00f6n kehitt\u00e4miseksi, sis. Peili-profiilin)<\/li>\n\n\n\n<li><strong>Lean for Future<\/strong> (Lean-koulutus\/ty\u00f6paja)<\/li>\n\n\n\n<li><strong>Safe for Future<\/strong> (psykologisen turvallisuuden kehitt\u00e4minen Safety Steps- ty\u00f6kalun avulla)<\/li>\n\n\n\n<li><strong>Coach for Future<\/strong> (yksil\u00f6- ja\/tai tiimicoaching)<\/li>\n\n\n\n<li><strong>Moti for Future<\/strong> (motivaatiokartoitus ja -valmennus, sis. RMP-motivaatioprofiilin)<\/li>\n\n\n\n<li><strong>Posi for Future<\/strong> (positiivisen psykologian koulutus\/ty\u00f6paja))<\/li>\n\n\n\n<li><strong>AI for Future<\/strong> (teko\u00e4lyn hy\u00f6dynt\u00e4misen koulutus)<\/li>\n<\/ul>\n\n\n\n<p class=\"has-medium-font-size\"><strong>Kysy lis\u00e4\u00e4 my\u00f6s muista Fit for Future -konseptin palveluista!<\/strong><\/p>\n\n\n\n<div class=\"wp-block-buttons is-layout-flex wp-block-buttons-is-layout-flex\">\n<div class=\"wp-block-button\"><a class=\"wp-block-button__link wp-element-button\" href=\"https:\/\/www.fitforfuture.fi\/index.php\/etusivu\/yhteystiedot\/\">Kysy lis\u00e4\u00e4<\/a><\/div>\n<\/div>\n\n\n\n<p><\/p>\n\n\n\n<p class=\"has-medium-font-size\"><strong>Tervetuloa Fit for Future -ty\u00f6pajaan!<\/strong><\/p>\n\n\n\n<figure class=\"wp-block-image size-full\"><img loading=\"lazy\" decoding=\"async\" width=\"1024\" height=\"1024\" src=\"https:\/\/www.fitforfuture.fi\/wp-content\/uploads\/2025\/03\/FFF-sarjakuva-oranssi.png\" alt=\"\" class=\"wp-image-161\" srcset=\"https:\/\/www.fitforfuture.fi\/wp-content\/uploads\/2025\/03\/FFF-sarjakuva-oranssi.png 1024w, https:\/\/www.fitforfuture.fi\/wp-content\/uploads\/2025\/03\/FFF-sarjakuva-oranssi-300x300.png 300w, https:\/\/www.fitforfuture.fi\/wp-content\/uploads\/2025\/03\/FFF-sarjakuva-oranssi-150x150.png 150w, https:\/\/www.fitforfuture.fi\/wp-content\/uploads\/2025\/03\/FFF-sarjakuva-oranssi-768x768.png 768w, https:\/\/www.fitforfuture.fi\/wp-content\/uploads\/2025\/03\/FFF-sarjakuva-oranssi-100x100.png 100w\" sizes=\"auto, (max-width: 767px) 89vw, (max-width: 1000px) 54vw, (max-width: 1071px) 543px, 580px\" \/><\/figure>\n","protected":false},"excerpt":{"rendered":"<p>FIT FOR FUTURE &#8211; VALMIINA TULEVAAN! Mik\u00e4 on Fit for Future?&nbsp; Fit for Future on yrityksen kehitt\u00e4misen konsepti, jossa yrityksen henkil\u00f6st\u00f6 kehitt\u00e4\u00e4 omaa toimintaansa ketter\u00e4sti ja k\u00e4yt\u00e4nn\u00f6nl\u00e4heisesti\u2028. Kenelle Fit for Future on tarkoitettu?&nbsp; Fit for Future &#8211; ty\u00f6paja sopii kaikenkokoisille yrityksille, mutta erityisesti se on suunnattu mikro- ja pk-yrityksille, jotka haluavat ketter\u00e4\u00e4 ja k\u00e4yt\u00e4nn\u00f6nl\u00e4heist\u00e4 kehitt\u00e4mist\u00e4.\u2028 &hellip; <\/p>\n<p class=\"link-more\"><a href=\"https:\/\/www.fitforfuture.fi\/index.php\/etusivu\/palvelut\/\" class=\"more-link\">Jatka lukemista<span class=\"screen-reader-text\"> &#8221;Palvelut&#8221;<\/span><\/a><\/p>\n","protected":false},"author":1,"featured_media":0,"parent":40,"menu_order":1,"comment_status":"closed","ping_status":"closed","template":"","meta":{"footnotes":""},"class_list":["post-8","page","type-page","status-publish","hentry"],"yoast_head":"<!-- This site is optimized with the Yoast SEO plugin v27.5 - https:\/\/yoast.com\/product\/yoast-seo-wordpress\/ -->\n<title>Palvelut - Fit For Future<\/title>\n<meta name=\"description\" content=\"Fit for Future -ty\u00f6paja on hy\u00f6dyllinen eri tilanteissa. Sen avulla henkil\u00f6st\u00f6 kehitt\u00e4\u00e4 toimintaa tehokkaasti ja k\u00e4yt\u00e4nn\u00f6nl\u00e4heisesti.\" \/>\n<meta name=\"robots\" content=\"index, follow, max-snippet:-1, max-image-preview:large, max-video-preview:-1\" \/>\n<link rel=\"canonical\" href=\"https:\/\/www.fitforfuture.fi\/index.php\/etusivu\/palvelut\/\" \/>\n<meta property=\"og:locale\" content=\"fi_FI\" \/>\n<meta property=\"og:type\" content=\"article\" \/>\n<meta property=\"og:title\" content=\"Palvelut - Fit For Future\" \/>\n<meta property=\"og:description\" content=\"Fit for Future -ty\u00f6paja on hy\u00f6dyllinen eri tilanteissa. Sen avulla henkil\u00f6st\u00f6 kehitt\u00e4\u00e4 toimintaa tehokkaasti ja k\u00e4yt\u00e4nn\u00f6nl\u00e4heisesti.\" \/>\n<meta property=\"og:url\" content=\"https:\/\/www.fitforfuture.fi\/index.php\/etusivu\/palvelut\/\" \/>\n<meta property=\"og:site_name\" content=\"Fit For Future\" \/>\n<meta property=\"article:publisher\" content=\"https:\/\/www.facebook.com\/ConteOy\" \/>\n<meta property=\"article:modified_time\" content=\"2025-09-25T15:00:12+00:00\" \/>\n<meta property=\"og:image\" content=\"https:\/\/www.fitforfuture.fi\/wp-content\/uploads\/2025\/03\/FFF-female-facilitator-blue-text.jpg\" \/>\n\t<meta property=\"og:image:width\" content=\"1280\" \/>\n\t<meta property=\"og:image:height\" content=\"544\" \/>\n\t<meta property=\"og:image:type\" content=\"image\/jpeg\" \/>\n<meta name=\"twitter:card\" content=\"summary_large_image\" \/>\n<meta name=\"twitter:label1\" content=\"Arvioitu lukuaika\" \/>\n\t<meta name=\"twitter:data1\" content=\"3 minuuttia\" \/>\n<script type=\"application\/ld+json\" class=\"yoast-schema-graph\">{\"@context\":\"https:\\\/\\\/schema.org\",\"@graph\":[{\"@type\":\"WebPage\",\"@id\":\"https:\\\/\\\/www.fitforfuture.fi\\\/index.php\\\/etusivu\\\/palvelut\\\/\",\"url\":\"https:\\\/\\\/www.fitforfuture.fi\\\/index.php\\\/etusivu\\\/palvelut\\\/\",\"name\":\"Palvelut - Fit For Future\",\"isPartOf\":{\"@id\":\"https:\\\/\\\/www.fitforfuture.fi\\\/#website\"},\"primaryImageOfPage\":{\"@id\":\"https:\\\/\\\/www.fitforfuture.fi\\\/index.php\\\/etusivu\\\/palvelut\\\/#primaryimage\"},\"image\":{\"@id\":\"https:\\\/\\\/www.fitforfuture.fi\\\/index.php\\\/etusivu\\\/palvelut\\\/#primaryimage\"},\"thumbnailUrl\":\"https:\\\/\\\/www.fitforfuture.fi\\\/wp-content\\\/uploads\\\/2025\\\/03\\\/FFF-female-facilitator-blue-text-1024x435.jpg\",\"datePublished\":\"2025-03-24T08:57:18+00:00\",\"dateModified\":\"2025-09-25T15:00:12+00:00\",\"description\":\"Fit for Future -ty\u00f6paja on hy\u00f6dyllinen eri tilanteissa. Sen avulla henkil\u00f6st\u00f6 kehitt\u00e4\u00e4 toimintaa tehokkaasti ja k\u00e4yt\u00e4nn\u00f6nl\u00e4heisesti.\",\"breadcrumb\":{\"@id\":\"https:\\\/\\\/www.fitforfuture.fi\\\/index.php\\\/etusivu\\\/palvelut\\\/#breadcrumb\"},\"inLanguage\":\"fi\",\"potentialAction\":[{\"@type\":\"ReadAction\",\"target\":[\"https:\\\/\\\/www.fitforfuture.fi\\\/index.php\\\/etusivu\\\/palvelut\\\/\"]}]},{\"@type\":\"ImageObject\",\"inLanguage\":\"fi\",\"@id\":\"https:\\\/\\\/www.fitforfuture.fi\\\/index.php\\\/etusivu\\\/palvelut\\\/#primaryimage\",\"url\":\"https:\\\/\\\/www.fitforfuture.fi\\\/wp-content\\\/uploads\\\/2025\\\/03\\\/FFF-female-facilitator-blue-text.jpg\",\"contentUrl\":\"https:\\\/\\\/www.fitforfuture.fi\\\/wp-content\\\/uploads\\\/2025\\\/03\\\/FFF-female-facilitator-blue-text.jpg\",\"width\":1280,\"height\":544,\"caption\":\"Fit for Future -ty\u00f6paja auttaa liiketoiminnan kehitt\u00e4misess\u00e4\"},{\"@type\":\"BreadcrumbList\",\"@id\":\"https:\\\/\\\/www.fitforfuture.fi\\\/index.php\\\/etusivu\\\/palvelut\\\/#breadcrumb\",\"itemListElement\":[{\"@type\":\"ListItem\",\"position\":1,\"name\":\"Etusivu\",\"item\":\"https:\\\/\\\/www.fitforfuture.fi\\\/\"},{\"@type\":\"ListItem\",\"position\":2,\"name\":\"Fit for Future &#8211; Valmiina tulevaan!\",\"item\":\"https:\\\/\\\/www.fitforfuture.fi\\\/\"},{\"@type\":\"ListItem\",\"position\":3,\"name\":\"Palvelut\"}]},{\"@type\":\"WebSite\",\"@id\":\"https:\\\/\\\/www.fitforfuture.fi\\\/#website\",\"url\":\"https:\\\/\\\/www.fitforfuture.fi\\\/\",\"name\":\"Fit For Future\",\"description\":\"Varmista yrityksesi tulevaisuus jo t&auml;n&auml;&auml;n!\",\"publisher\":{\"@id\":\"https:\\\/\\\/www.fitforfuture.fi\\\/#organization\"},\"potentialAction\":[{\"@type\":\"SearchAction\",\"target\":{\"@type\":\"EntryPoint\",\"urlTemplate\":\"https:\\\/\\\/www.fitforfuture.fi\\\/?s={search_term_string}\"},\"query-input\":{\"@type\":\"PropertyValueSpecification\",\"valueRequired\":true,\"valueName\":\"search_term_string\"}}],\"inLanguage\":\"fi\"},{\"@type\":\"Organization\",\"@id\":\"https:\\\/\\\/www.fitforfuture.fi\\\/#organization\",\"name\":\"ConTe Oy\",\"url\":\"https:\\\/\\\/www.fitforfuture.fi\\\/\",\"logo\":{\"@type\":\"ImageObject\",\"inLanguage\":\"fi\",\"@id\":\"https:\\\/\\\/www.fitforfuture.fi\\\/#\\\/schema\\\/logo\\\/image\\\/\",\"url\":\"https:\\\/\\\/www.fitforfuture.fi\\\/wp-content\\\/uploads\\\/2025\\\/03\\\/cropped-a-business-style-image-with-orange-text-_USFi1xZFQOeRjrjqvNKmSA_4YFRtD4DSPOb7iT3dkt4eQ-2.jpeg\",\"contentUrl\":\"https:\\\/\\\/www.fitforfuture.fi\\\/wp-content\\\/uploads\\\/2025\\\/03\\\/cropped-a-business-style-image-with-orange-text-_USFi1xZFQOeRjrjqvNKmSA_4YFRtD4DSPOb7iT3dkt4eQ-2.jpeg\",\"width\":250,\"height\":250,\"caption\":\"ConTe Oy\"},\"image\":{\"@id\":\"https:\\\/\\\/www.fitforfuture.fi\\\/#\\\/schema\\\/logo\\\/image\\\/\"},\"sameAs\":[\"https:\\\/\\\/www.facebook.com\\\/ConteOy\"]}]}<\/script>\n<!-- \/ Yoast SEO plugin. -->","yoast_head_json":{"title":"Palvelut - Fit For Future","description":"Fit for Future -ty\u00f6paja on hy\u00f6dyllinen eri tilanteissa. Sen avulla henkil\u00f6st\u00f6 kehitt\u00e4\u00e4 toimintaa tehokkaasti ja k\u00e4yt\u00e4nn\u00f6nl\u00e4heisesti.","robots":{"index":"index","follow":"follow","max-snippet":"max-snippet:-1","max-image-preview":"max-image-preview:large","max-video-preview":"max-video-preview:-1"},"canonical":"https:\/\/www.fitforfuture.fi\/index.php\/etusivu\/palvelut\/","og_locale":"fi_FI","og_type":"article","og_title":"Palvelut - Fit For Future","og_description":"Fit for Future -ty\u00f6paja on hy\u00f6dyllinen eri tilanteissa. Sen avulla henkil\u00f6st\u00f6 kehitt\u00e4\u00e4 toimintaa tehokkaasti ja k\u00e4yt\u00e4nn\u00f6nl\u00e4heisesti.","og_url":"https:\/\/www.fitforfuture.fi\/index.php\/etusivu\/palvelut\/","og_site_name":"Fit For Future","article_publisher":"https:\/\/www.facebook.com\/ConteOy","article_modified_time":"2025-09-25T15:00:12+00:00","og_image":[{"width":1280,"height":544,"url":"https:\/\/www.fitforfuture.fi\/wp-content\/uploads\/2025\/03\/FFF-female-facilitator-blue-text.jpg","type":"image\/jpeg"}],"twitter_card":"summary_large_image","twitter_misc":{"Arvioitu lukuaika":"3 minuuttia"},"schema":{"@context":"https:\/\/schema.org","@graph":[{"@type":"WebPage","@id":"https:\/\/www.fitforfuture.fi\/index.php\/etusivu\/palvelut\/","url":"https:\/\/www.fitforfuture.fi\/index.php\/etusivu\/palvelut\/","name":"Palvelut - Fit For Future","isPartOf":{"@id":"https:\/\/www.fitforfuture.fi\/#website"},"primaryImageOfPage":{"@id":"https:\/\/www.fitforfuture.fi\/index.php\/etusivu\/palvelut\/#primaryimage"},"image":{"@id":"https:\/\/www.fitforfuture.fi\/index.php\/etusivu\/palvelut\/#primaryimage"},"thumbnailUrl":"https:\/\/www.fitforfuture.fi\/wp-content\/uploads\/2025\/03\/FFF-female-facilitator-blue-text-1024x435.jpg","datePublished":"2025-03-24T08:57:18+00:00","dateModified":"2025-09-25T15:00:12+00:00","description":"Fit for Future -ty\u00f6paja on hy\u00f6dyllinen eri tilanteissa. Sen avulla henkil\u00f6st\u00f6 kehitt\u00e4\u00e4 toimintaa tehokkaasti ja k\u00e4yt\u00e4nn\u00f6nl\u00e4heisesti.","breadcrumb":{"@id":"https:\/\/www.fitforfuture.fi\/index.php\/etusivu\/palvelut\/#breadcrumb"},"inLanguage":"fi","potentialAction":[{"@type":"ReadAction","target":["https:\/\/www.fitforfuture.fi\/index.php\/etusivu\/palvelut\/"]}]},{"@type":"ImageObject","inLanguage":"fi","@id":"https:\/\/www.fitforfuture.fi\/index.php\/etusivu\/palvelut\/#primaryimage","url":"https:\/\/www.fitforfuture.fi\/wp-content\/uploads\/2025\/03\/FFF-female-facilitator-blue-text.jpg","contentUrl":"https:\/\/www.fitforfuture.fi\/wp-content\/uploads\/2025\/03\/FFF-female-facilitator-blue-text.jpg","width":1280,"height":544,"caption":"Fit for Future -ty\u00f6paja auttaa liiketoiminnan kehitt\u00e4misess\u00e4"},{"@type":"BreadcrumbList","@id":"https:\/\/www.fitforfuture.fi\/index.php\/etusivu\/palvelut\/#breadcrumb","itemListElement":[{"@type":"ListItem","position":1,"name":"Etusivu","item":"https:\/\/www.fitforfuture.fi\/"},{"@type":"ListItem","position":2,"name":"Fit for Future &#8211; Valmiina tulevaan!","item":"https:\/\/www.fitforfuture.fi\/"},{"@type":"ListItem","position":3,"name":"Palvelut"}]},{"@type":"WebSite","@id":"https:\/\/www.fitforfuture.fi\/#website","url":"https:\/\/www.fitforfuture.fi\/","name":"Fit For Future","description":"Varmista yrityksesi tulevaisuus jo t&auml;n&auml;&auml;n!","publisher":{"@id":"https:\/\/www.fitforfuture.fi\/#organization"},"potentialAction":[{"@type":"SearchAction","target":{"@type":"EntryPoint","urlTemplate":"https:\/\/www.fitforfuture.fi\/?s={search_term_string}"},"query-input":{"@type":"PropertyValueSpecification","valueRequired":true,"valueName":"search_term_string"}}],"inLanguage":"fi"},{"@type":"Organization","@id":"https:\/\/www.fitforfuture.fi\/#organization","name":"ConTe Oy","url":"https:\/\/www.fitforfuture.fi\/","logo":{"@type":"ImageObject","inLanguage":"fi","@id":"https:\/\/www.fitforfuture.fi\/#\/schema\/logo\/image\/","url":"https:\/\/www.fitforfuture.fi\/wp-content\/uploads\/2025\/03\/cropped-a-business-style-image-with-orange-text-_USFi1xZFQOeRjrjqvNKmSA_4YFRtD4DSPOb7iT3dkt4eQ-2.jpeg","contentUrl":"https:\/\/www.fitforfuture.fi\/wp-content\/uploads\/2025\/03\/cropped-a-business-style-image-with-orange-text-_USFi1xZFQOeRjrjqvNKmSA_4YFRtD4DSPOb7iT3dkt4eQ-2.jpeg","width":250,"height":250,"caption":"ConTe Oy"},"image":{"@id":"https:\/\/www.fitforfuture.fi\/#\/schema\/logo\/image\/"},"sameAs":["https:\/\/www.facebook.com\/ConteOy"]}]}},"_links":{"self":[{"href":"https:\/\/www.fitforfuture.fi\/index.php\/wp-json\/wp\/v2\/pages\/8","targetHints":{"allow":["GET"]}}],"collection":[{"href":"https:\/\/www.fitforfuture.fi\/index.php\/wp-json\/wp\/v2\/pages"}],"about":[{"href":"https:\/\/www.fitforfuture.fi\/index.php\/wp-json\/wp\/v2\/types\/page"}],"author":[{"embeddable":true,"href":"https:\/\/www.fitforfuture.fi\/index.php\/wp-json\/wp\/v2\/users\/1"}],"replies":[{"embeddable":true,"href":"https:\/\/www.fitforfuture.fi\/index.php\/wp-json\/wp\/v2\/comments?post=8"}],"version-history":[{"count":20,"href":"https:\/\/www.fitforfuture.fi\/index.php\/wp-json\/wp\/v2\/pages\/8\/revisions"}],"predecessor-version":[{"id":227,"href":"https:\/\/www.fitforfuture.fi\/index.php\/wp-json\/wp\/v2\/pages\/8\/revisions\/227"}],"up":[{"embeddable":true,"href":"https:\/\/www.fitforfuture.fi\/index.php\/wp-json\/wp\/v2\/pages\/40"}],"wp:attachment":[{"href":"https:\/\/www.fitforfuture.fi\/index.php\/wp-json\/wp\/v2\/media?parent=8"}],"curies":[{"name":"wp","href":"https:\/\/api.w.org\/{rel}","templated":true}]}}