{"id":49,"date":"2025-03-24T10:13:38","date_gmt":"2025-03-24T10:13:38","guid":{"rendered":"https:\/\/www.fitforfuture.fi\/?page_id=49"},"modified":"2025-08-14T16:03:04","modified_gmt":"2025-08-14T16:03:04","slug":"konsultti","status":"publish","type":"page","link":"https:\/\/www.fitforfuture.fi\/index.php\/etusivu\/konsultti\/","title":{"rendered":"Konsultti"},"content":{"rendered":"\n<figure class=\"wp-block-image size-large is-resized\"><img loading=\"lazy\" decoding=\"async\" width=\"1024\" height=\"936\" src=\"https:\/\/www.fitforfuture.fi\/wp-content\/uploads\/2025\/03\/Mira-Kivisto-4-1024x936.jpg\" alt=\"Mira Kivist\u00f6\" class=\"wp-image-52\" style=\"width:300px\" srcset=\"https:\/\/www.fitforfuture.fi\/wp-content\/uploads\/2025\/03\/Mira-Kivisto-4-1024x936.jpg 1024w, https:\/\/www.fitforfuture.fi\/wp-content\/uploads\/2025\/03\/Mira-Kivisto-4-300x274.jpg 300w, https:\/\/www.fitforfuture.fi\/wp-content\/uploads\/2025\/03\/Mira-Kivisto-4-768x702.jpg 768w, https:\/\/www.fitforfuture.fi\/wp-content\/uploads\/2025\/03\/Mira-Kivisto-4-1536x1404.jpg 1536w, https:\/\/www.fitforfuture.fi\/wp-content\/uploads\/2025\/03\/Mira-Kivisto-4.jpg 1600w\" sizes=\"auto, (max-width: 767px) 89vw, (max-width: 1000px) 54vw, (max-width: 1071px) 543px, 580px\" \/><\/figure>\n\n\n\n<p><strong>FIT FOR FUTURE &#8211; VALMIINA TULEVAAN<\/strong>!<\/p>\n\n\n\n<p><\/p>\n\n\n\n<p>Fit for Future -konseptin konsulttina toimii <strong>Mira Kivist\u00f6<\/strong> ConTe Oy:st\u00e4. Koulutukseltaan Mira on kauppatieteiden maisteri ja sertifioitu Business Coach. Miralla on yli kahdenkymmenen vuoden kokemus liiketoiminnan kehitt\u00e4misest\u00e4 nimenomaan ihmiset kehitt\u00e4miseen osallistamalla.<\/p>\n\n\n\n<p>Vuosien kokemuksensa perusteella Mira on nyt kehitt\u00e4nyt Fit for Future \u2013ty\u00f6pajan, jonka avulla pienikin yritys voi varmistaa olevansa kyvyk\u00e4s menestym\u00e4\u00e4n my\u00f6s tulevaisuudessa. Fit for Future \u2013ty\u00f6paja perustuu\u00a0 globaalisti k\u00e4ytettyyn kehitt\u00e4misen ja muutosjohtamisen viitekehykseen, EFQM-malliin. Mira on k\u00e4ytt\u00e4nyt mallia kehitt\u00e4misen tukena jo 15 vuotta ja on my\u00f6s sertifioitu EFQM-arvioija ja \u2013kouluttaja. Mira on toiminut arvioijana Suomen Laatupalkintokilpailussa ja Global Quality Award -kilpailussa, joiden kriteerist\u00f6 EFQM-malli on. Miran kanssa olette hyviss\u00e4 k\u00e4siss\u00e4 kehitt\u00e4m\u00e4ss\u00e4 yrityksenne tulevaisuuskuntoa!<\/p>\n\n\n\n<p><strong>Mirasta sanottua:<\/strong><\/p>\n\n\n\n<ul class=\"wp-block-list\">\n<li>Miran iloinen ulosanti antoi energiaa itsellekin seurata ja osallistua hyv\u00e4ll\u00e4 mielell\u00e4.<\/li>\n\n\n\n<li>Asiat k\u00e4ytiin l\u00e4pi niin, ett\u00e4 kaikki ymm\u00e4rsiv\u00e4t asiat. Rento, selke\u00e4 puhetyyli.<\/li>\n\n\n\n<li>Energinen, osallistava, motivoiva, rohkaiseva.<\/li>\n\n\n\n<li>Innostava, asiansa osaava kouluttaja. Tykk\u00e4sin kovasti. <\/li>\n\n\n\n<li>Kouluttaja oli innostunut ja innostava. Paljon asiaa, mutta h\u00e4n osasi tuoda sen tiedoksi niin, ett\u00e4 j\u00e4i mieleen ja sai ajattelemaan.<\/li>\n\n\n\n<li>Kivist\u00f6ll\u00e4 on selv\u00e4sti vahva tietopohja ja h\u00e4n osasi annostella meille t\u00e4m\u00e4n p\u00e4iv\u00e4n annin juuri sopivasti. Illalla viel\u00e4 ajatukset jyll\u00e4si p\u00e4\u00e4ss\u00e4 ja sormet syyhyten odotan p\u00e4\u00e4sev\u00e4ni viem\u00e4\u00e4n t\u00e4t\u00e4 oppia k\u00e4yt\u00e4nt\u00f6\u00f6n. Iso kiitos Kivist\u00f6lle ja vahva suositus h\u00e4nen k\u00e4ytt\u00e4miseens\u00e4 jatkossakin kouluttajana.<\/li>\n\n\n\n<li>Aivan upeasti ja innostavasti esitetty\u00e4 asiaa. Tosi mukava, rento ja v\u00e4lit\u00f6n ilmapiiri! Suuret kiitokset! \u2764\ufe0f<\/li>\n<\/ul>\n\n\n\n<p><\/p>\n\n\n\n<p><strong>Tutustu teko\u00e4lyll\u00e4 tehtyyn esittelyyn:<\/strong><\/p>\n\n\n\n<figure class=\"wp-block-embed is-type-video is-provider-youtube wp-block-embed-youtube wp-embed-aspect-16-9 wp-has-aspect-ratio\"><div class=\"wp-block-embed__wrapper\">\n<iframe loading=\"lazy\" title=\"Fit for Future -konseptin esittely\" width=\"525\" height=\"295\" src=\"https:\/\/www.youtube.com\/embed\/F_XgJ_KevuQ?feature=oembed\" frameborder=\"0\" allow=\"accelerometer; autoplay; clipboard-write; encrypted-media; gyroscope; picture-in-picture; web-share\" referrerpolicy=\"strict-origin-when-cross-origin\" allowfullscreen><\/iframe>\n<\/div><\/figure>\n\n\n\n<div class=\"wp-block-buttons is-layout-flex wp-block-buttons-is-layout-flex\">\n<div class=\"wp-block-button\"><a class=\"wp-block-button__link wp-element-button\" href=\"http:\/\/www.linkedin.com\/in\/mirakivisto\">Verkostoidu LinkedIniss\u00e4<\/a><\/div>\n<\/div>\n\n\n\n<p><\/p>\n\n\n\n<div class=\"wp-block-columns is-layout-flex wp-container-core-columns-is-layout-9d6595d7 wp-block-columns-is-layout-flex\">\n<div class=\"wp-block-column is-layout-flow wp-block-column-is-layout-flow\">\n<figure class=\"wp-block-image size-large\"><img loading=\"lazy\" decoding=\"async\" width=\"1024\" height=\"1024\" src=\"https:\/\/www.fitforfuture.fi\/wp-content\/uploads\/2025\/03\/efqm-certified-trainer-efqm-foundation-training-1024x1024.jpg\" alt=\"EFQM Foundation Certified Trainer \" class=\"wp-image-155\" srcset=\"https:\/\/www.fitforfuture.fi\/wp-content\/uploads\/2025\/03\/efqm-certified-trainer-efqm-foundation-training-1024x1024.jpg 1024w, https:\/\/www.fitforfuture.fi\/wp-content\/uploads\/2025\/03\/efqm-certified-trainer-efqm-foundation-training-300x300.jpg 300w, https:\/\/www.fitforfuture.fi\/wp-content\/uploads\/2025\/03\/efqm-certified-trainer-efqm-foundation-training-150x150.jpg 150w, https:\/\/www.fitforfuture.fi\/wp-content\/uploads\/2025\/03\/efqm-certified-trainer-efqm-foundation-training-768x768.jpg 768w, https:\/\/www.fitforfuture.fi\/wp-content\/uploads\/2025\/03\/efqm-certified-trainer-efqm-foundation-training-100x100.jpg 100w, https:\/\/www.fitforfuture.fi\/wp-content\/uploads\/2025\/03\/efqm-certified-trainer-efqm-foundation-training.jpg 1200w\" sizes=\"auto, (max-width: 767px) 89vw, (max-width: 1000px) 54vw, (max-width: 1071px) 543px, 580px\" \/><\/figure>\n<\/div>\n\n\n\n<div class=\"wp-block-column is-layout-flow wp-block-column-is-layout-flow\">\n<figure class=\"wp-block-image size-large\"><img loading=\"lazy\" decoding=\"async\" width=\"1024\" height=\"1024\" src=\"https:\/\/www.fitforfuture.fi\/wp-content\/uploads\/2025\/03\/efqm-certified-trainer-efqm-assessor-training-1024x1024.jpg\" alt=\"EFQM Assessor Certified Trainer \" class=\"wp-image-156\" srcset=\"https:\/\/www.fitforfuture.fi\/wp-content\/uploads\/2025\/03\/efqm-certified-trainer-efqm-assessor-training-1024x1024.jpg 1024w, https:\/\/www.fitforfuture.fi\/wp-content\/uploads\/2025\/03\/efqm-certified-trainer-efqm-assessor-training-300x300.jpg 300w, https:\/\/www.fitforfuture.fi\/wp-content\/uploads\/2025\/03\/efqm-certified-trainer-efqm-assessor-training-150x150.jpg 150w, https:\/\/www.fitforfuture.fi\/wp-content\/uploads\/2025\/03\/efqm-certified-trainer-efqm-assessor-training-768x768.jpg 768w, https:\/\/www.fitforfuture.fi\/wp-content\/uploads\/2025\/03\/efqm-certified-trainer-efqm-assessor-training-100x100.jpg 100w, https:\/\/www.fitforfuture.fi\/wp-content\/uploads\/2025\/03\/efqm-certified-trainer-efqm-assessor-training.jpg 1200w\" sizes=\"auto, (max-width: 767px) 89vw, (max-width: 1000px) 54vw, (max-width: 1071px) 543px, 580px\" \/><\/figure>\n<\/div>\n\n\n\n<div class=\"wp-block-column is-layout-flow wp-block-column-is-layout-flow\">\n<figure class=\"wp-block-image size-large\"><img loading=\"lazy\" decoding=\"async\" width=\"1024\" height=\"1024\" src=\"https:\/\/www.fitforfuture.fi\/wp-content\/uploads\/2025\/03\/efqm-certified-trainer-organisational-change-leader-training-1024x1024.png\" alt=\"EFQM Organisational Change Leader Certified Trainer \" class=\"wp-image-154\" srcset=\"https:\/\/www.fitforfuture.fi\/wp-content\/uploads\/2025\/03\/efqm-certified-trainer-organisational-change-leader-training-1024x1024.png 1024w, https:\/\/www.fitforfuture.fi\/wp-content\/uploads\/2025\/03\/efqm-certified-trainer-organisational-change-leader-training-300x300.png 300w, https:\/\/www.fitforfuture.fi\/wp-content\/uploads\/2025\/03\/efqm-certified-trainer-organisational-change-leader-training-150x150.png 150w, https:\/\/www.fitforfuture.fi\/wp-content\/uploads\/2025\/03\/efqm-certified-trainer-organisational-change-leader-training-768x768.png 768w, https:\/\/www.fitforfuture.fi\/wp-content\/uploads\/2025\/03\/efqm-certified-trainer-organisational-change-leader-training-100x100.png 100w, https:\/\/www.fitforfuture.fi\/wp-content\/uploads\/2025\/03\/efqm-certified-trainer-organisational-change-leader-training.png 1200w\" sizes=\"auto, (max-width: 767px) 89vw, (max-width: 1000px) 54vw, (max-width: 1071px) 543px, 580px\" \/><\/figure>\n<\/div>\n<\/div>\n","protected":false},"excerpt":{"rendered":"<p>FIT FOR FUTURE &#8211; VALMIINA TULEVAAN! Fit for Future -konseptin konsulttina toimii Mira Kivist\u00f6 ConTe Oy:st\u00e4. Koulutukseltaan Mira on kauppatieteiden maisteri ja sertifioitu Business Coach. Miralla on yli kahdenkymmenen vuoden kokemus liiketoiminnan kehitt\u00e4misest\u00e4 nimenomaan ihmiset kehitt\u00e4miseen osallistamalla. Vuosien kokemuksensa perusteella Mira on nyt kehitt\u00e4nyt Fit for Future \u2013ty\u00f6pajan, jonka avulla pienikin yritys voi varmistaa olevansa &hellip; <\/p>\n<p class=\"link-more\"><a href=\"https:\/\/www.fitforfuture.fi\/index.php\/etusivu\/konsultti\/\" class=\"more-link\">Jatka lukemista<span class=\"screen-reader-text\"> &#8221;Konsultti&#8221;<\/span><\/a><\/p>\n","protected":false},"author":1,"featured_media":0,"parent":40,"menu_order":2,"comment_status":"closed","ping_status":"closed","template":"","meta":{"footnotes":""},"class_list":["post-49","page","type-page","status-publish","hentry"],"yoast_head":"<!-- This site is optimized with the Yoast SEO plugin v27.5 - https:\/\/yoast.com\/product\/yoast-seo-wordpress\/ -->\n<title>Konsultti - Fit For Future<\/title>\n<meta name=\"description\" content=\"Fit for Future -ty\u00f6pajan fasilitaattorina toimii KTM Mira Kivist\u00f6, joka on kokenut toiminnan kehitt\u00e4j\u00e4 ja EFQM-kouluttaja ja arvioija.\" \/>\n<meta name=\"robots\" content=\"index, follow, max-snippet:-1, max-image-preview:large, max-video-preview:-1\" \/>\n<link rel=\"canonical\" href=\"https:\/\/www.fitforfuture.fi\/index.php\/etusivu\/konsultti\/\" \/>\n<meta property=\"og:locale\" content=\"fi_FI\" \/>\n<meta property=\"og:type\" content=\"article\" \/>\n<meta property=\"og:title\" content=\"Konsultti - Fit For Future\" \/>\n<meta property=\"og:description\" content=\"Fit for Future -ty\u00f6pajan fasilitaattorina toimii KTM Mira Kivist\u00f6, joka on kokenut toiminnan kehitt\u00e4j\u00e4 ja EFQM-kouluttaja ja arvioija.\" \/>\n<meta property=\"og:url\" content=\"https:\/\/www.fitforfuture.fi\/index.php\/etusivu\/konsultti\/\" \/>\n<meta property=\"og:site_name\" content=\"Fit For Future\" \/>\n<meta property=\"article:publisher\" content=\"https:\/\/www.facebook.com\/ConteOy\" \/>\n<meta property=\"article:modified_time\" content=\"2025-08-14T16:03:04+00:00\" \/>\n<meta property=\"og:image\" content=\"https:\/\/www.fitforfuture.fi\/wp-content\/uploads\/2025\/03\/Mira-Kivisto-4.jpg\" \/>\n\t<meta property=\"og:image:width\" content=\"1600\" \/>\n\t<meta property=\"og:image:height\" content=\"1462\" \/>\n\t<meta property=\"og:image:type\" content=\"image\/jpeg\" \/>\n<meta name=\"twitter:card\" content=\"summary_large_image\" \/>\n<meta name=\"twitter:label1\" content=\"Arvioitu lukuaika\" \/>\n\t<meta name=\"twitter:data1\" content=\"3 minuuttia\" \/>\n<script type=\"application\/ld+json\" class=\"yoast-schema-graph\">{\"@context\":\"https:\\\/\\\/schema.org\",\"@graph\":[{\"@type\":\"WebPage\",\"@id\":\"https:\\\/\\\/www.fitforfuture.fi\\\/index.php\\\/etusivu\\\/konsultti\\\/\",\"url\":\"https:\\\/\\\/www.fitforfuture.fi\\\/index.php\\\/etusivu\\\/konsultti\\\/\",\"name\":\"Konsultti - Fit For Future\",\"isPartOf\":{\"@id\":\"https:\\\/\\\/www.fitforfuture.fi\\\/#website\"},\"primaryImageOfPage\":{\"@id\":\"https:\\\/\\\/www.fitforfuture.fi\\\/index.php\\\/etusivu\\\/konsultti\\\/#primaryimage\"},\"image\":{\"@id\":\"https:\\\/\\\/www.fitforfuture.fi\\\/index.php\\\/etusivu\\\/konsultti\\\/#primaryimage\"},\"thumbnailUrl\":\"https:\\\/\\\/www.fitforfuture.fi\\\/wp-content\\\/uploads\\\/2025\\\/03\\\/Mira-Kivisto-4-1024x936.jpg\",\"datePublished\":\"2025-03-24T10:13:38+00:00\",\"dateModified\":\"2025-08-14T16:03:04+00:00\",\"description\":\"Fit for Future -ty\u00f6pajan fasilitaattorina toimii KTM Mira Kivist\u00f6, joka on kokenut toiminnan kehitt\u00e4j\u00e4 ja EFQM-kouluttaja ja arvioija.\",\"breadcrumb\":{\"@id\":\"https:\\\/\\\/www.fitforfuture.fi\\\/index.php\\\/etusivu\\\/konsultti\\\/#breadcrumb\"},\"inLanguage\":\"fi\",\"potentialAction\":[{\"@type\":\"ReadAction\",\"target\":[\"https:\\\/\\\/www.fitforfuture.fi\\\/index.php\\\/etusivu\\\/konsultti\\\/\"]}]},{\"@type\":\"ImageObject\",\"inLanguage\":\"fi\",\"@id\":\"https:\\\/\\\/www.fitforfuture.fi\\\/index.php\\\/etusivu\\\/konsultti\\\/#primaryimage\",\"url\":\"https:\\\/\\\/www.fitforfuture.fi\\\/wp-content\\\/uploads\\\/2025\\\/03\\\/Mira-Kivisto-4.jpg\",\"contentUrl\":\"https:\\\/\\\/www.fitforfuture.fi\\\/wp-content\\\/uploads\\\/2025\\\/03\\\/Mira-Kivisto-4.jpg\",\"width\":1600,\"height\":1462,\"caption\":\"Fit for Future -ty\u00f6pajan fasilitaattori Mira Kivist\u00f6 on kokenut toiminnan kehitt\u00e4j\u00e4\"},{\"@type\":\"BreadcrumbList\",\"@id\":\"https:\\\/\\\/www.fitforfuture.fi\\\/index.php\\\/etusivu\\\/konsultti\\\/#breadcrumb\",\"itemListElement\":[{\"@type\":\"ListItem\",\"position\":1,\"name\":\"Etusivu\",\"item\":\"https:\\\/\\\/www.fitforfuture.fi\\\/\"},{\"@type\":\"ListItem\",\"position\":2,\"name\":\"Fit for Future &#8211; Valmiina tulevaan!\",\"item\":\"https:\\\/\\\/www.fitforfuture.fi\\\/\"},{\"@type\":\"ListItem\",\"position\":3,\"name\":\"Konsultti\"}]},{\"@type\":\"WebSite\",\"@id\":\"https:\\\/\\\/www.fitforfuture.fi\\\/#website\",\"url\":\"https:\\\/\\\/www.fitforfuture.fi\\\/\",\"name\":\"Fit For Future\",\"description\":\"Varmista yrityksesi tulevaisuus jo t&auml;n&auml;&auml;n!\",\"publisher\":{\"@id\":\"https:\\\/\\\/www.fitforfuture.fi\\\/#organization\"},\"potentialAction\":[{\"@type\":\"SearchAction\",\"target\":{\"@type\":\"EntryPoint\",\"urlTemplate\":\"https:\\\/\\\/www.fitforfuture.fi\\\/?s={search_term_string}\"},\"query-input\":{\"@type\":\"PropertyValueSpecification\",\"valueRequired\":true,\"valueName\":\"search_term_string\"}}],\"inLanguage\":\"fi\"},{\"@type\":\"Organization\",\"@id\":\"https:\\\/\\\/www.fitforfuture.fi\\\/#organization\",\"name\":\"ConTe Oy\",\"url\":\"https:\\\/\\\/www.fitforfuture.fi\\\/\",\"logo\":{\"@type\":\"ImageObject\",\"inLanguage\":\"fi\",\"@id\":\"https:\\\/\\\/www.fitforfuture.fi\\\/#\\\/schema\\\/logo\\\/image\\\/\",\"url\":\"https:\\\/\\\/www.fitforfuture.fi\\\/wp-content\\\/uploads\\\/2025\\\/03\\\/cropped-a-business-style-image-with-orange-text-_USFi1xZFQOeRjrjqvNKmSA_4YFRtD4DSPOb7iT3dkt4eQ-2.jpeg\",\"contentUrl\":\"https:\\\/\\\/www.fitforfuture.fi\\\/wp-content\\\/uploads\\\/2025\\\/03\\\/cropped-a-business-style-image-with-orange-text-_USFi1xZFQOeRjrjqvNKmSA_4YFRtD4DSPOb7iT3dkt4eQ-2.jpeg\",\"width\":250,\"height\":250,\"caption\":\"ConTe Oy\"},\"image\":{\"@id\":\"https:\\\/\\\/www.fitforfuture.fi\\\/#\\\/schema\\\/logo\\\/image\\\/\"},\"sameAs\":[\"https:\\\/\\\/www.facebook.com\\\/ConteOy\"]}]}<\/script>\n<!-- \/ Yoast SEO plugin. -->","yoast_head_json":{"title":"Konsultti - Fit For Future","description":"Fit for Future -ty\u00f6pajan fasilitaattorina toimii KTM Mira Kivist\u00f6, joka on kokenut toiminnan kehitt\u00e4j\u00e4 ja EFQM-kouluttaja ja arvioija.","robots":{"index":"index","follow":"follow","max-snippet":"max-snippet:-1","max-image-preview":"max-image-preview:large","max-video-preview":"max-video-preview:-1"},"canonical":"https:\/\/www.fitforfuture.fi\/index.php\/etusivu\/konsultti\/","og_locale":"fi_FI","og_type":"article","og_title":"Konsultti - Fit For Future","og_description":"Fit for Future -ty\u00f6pajan fasilitaattorina toimii KTM Mira Kivist\u00f6, joka on kokenut toiminnan kehitt\u00e4j\u00e4 ja EFQM-kouluttaja ja arvioija.","og_url":"https:\/\/www.fitforfuture.fi\/index.php\/etusivu\/konsultti\/","og_site_name":"Fit For Future","article_publisher":"https:\/\/www.facebook.com\/ConteOy","article_modified_time":"2025-08-14T16:03:04+00:00","og_image":[{"width":1600,"height":1462,"url":"https:\/\/www.fitforfuture.fi\/wp-content\/uploads\/2025\/03\/Mira-Kivisto-4.jpg","type":"image\/jpeg"}],"twitter_card":"summary_large_image","twitter_misc":{"Arvioitu lukuaika":"3 minuuttia"},"schema":{"@context":"https:\/\/schema.org","@graph":[{"@type":"WebPage","@id":"https:\/\/www.fitforfuture.fi\/index.php\/etusivu\/konsultti\/","url":"https:\/\/www.fitforfuture.fi\/index.php\/etusivu\/konsultti\/","name":"Konsultti - Fit For Future","isPartOf":{"@id":"https:\/\/www.fitforfuture.fi\/#website"},"primaryImageOfPage":{"@id":"https:\/\/www.fitforfuture.fi\/index.php\/etusivu\/konsultti\/#primaryimage"},"image":{"@id":"https:\/\/www.fitforfuture.fi\/index.php\/etusivu\/konsultti\/#primaryimage"},"thumbnailUrl":"https:\/\/www.fitforfuture.fi\/wp-content\/uploads\/2025\/03\/Mira-Kivisto-4-1024x936.jpg","datePublished":"2025-03-24T10:13:38+00:00","dateModified":"2025-08-14T16:03:04+00:00","description":"Fit for Future -ty\u00f6pajan fasilitaattorina toimii KTM Mira Kivist\u00f6, joka on kokenut toiminnan kehitt\u00e4j\u00e4 ja EFQM-kouluttaja ja arvioija.","breadcrumb":{"@id":"https:\/\/www.fitforfuture.fi\/index.php\/etusivu\/konsultti\/#breadcrumb"},"inLanguage":"fi","potentialAction":[{"@type":"ReadAction","target":["https:\/\/www.fitforfuture.fi\/index.php\/etusivu\/konsultti\/"]}]},{"@type":"ImageObject","inLanguage":"fi","@id":"https:\/\/www.fitforfuture.fi\/index.php\/etusivu\/konsultti\/#primaryimage","url":"https:\/\/www.fitforfuture.fi\/wp-content\/uploads\/2025\/03\/Mira-Kivisto-4.jpg","contentUrl":"https:\/\/www.fitforfuture.fi\/wp-content\/uploads\/2025\/03\/Mira-Kivisto-4.jpg","width":1600,"height":1462,"caption":"Fit for Future -ty\u00f6pajan fasilitaattori Mira Kivist\u00f6 on kokenut toiminnan kehitt\u00e4j\u00e4"},{"@type":"BreadcrumbList","@id":"https:\/\/www.fitforfuture.fi\/index.php\/etusivu\/konsultti\/#breadcrumb","itemListElement":[{"@type":"ListItem","position":1,"name":"Etusivu","item":"https:\/\/www.fitforfuture.fi\/"},{"@type":"ListItem","position":2,"name":"Fit for Future &#8211; Valmiina tulevaan!","item":"https:\/\/www.fitforfuture.fi\/"},{"@type":"ListItem","position":3,"name":"Konsultti"}]},{"@type":"WebSite","@id":"https:\/\/www.fitforfuture.fi\/#website","url":"https:\/\/www.fitforfuture.fi\/","name":"Fit For Future","description":"Varmista yrityksesi tulevaisuus jo t&auml;n&auml;&auml;n!","publisher":{"@id":"https:\/\/www.fitforfuture.fi\/#organization"},"potentialAction":[{"@type":"SearchAction","target":{"@type":"EntryPoint","urlTemplate":"https:\/\/www.fitforfuture.fi\/?s={search_term_string}"},"query-input":{"@type":"PropertyValueSpecification","valueRequired":true,"valueName":"search_term_string"}}],"inLanguage":"fi"},{"@type":"Organization","@id":"https:\/\/www.fitforfuture.fi\/#organization","name":"ConTe Oy","url":"https:\/\/www.fitforfuture.fi\/","logo":{"@type":"ImageObject","inLanguage":"fi","@id":"https:\/\/www.fitforfuture.fi\/#\/schema\/logo\/image\/","url":"https:\/\/www.fitforfuture.fi\/wp-content\/uploads\/2025\/03\/cropped-a-business-style-image-with-orange-text-_USFi1xZFQOeRjrjqvNKmSA_4YFRtD4DSPOb7iT3dkt4eQ-2.jpeg","contentUrl":"https:\/\/www.fitforfuture.fi\/wp-content\/uploads\/2025\/03\/cropped-a-business-style-image-with-orange-text-_USFi1xZFQOeRjrjqvNKmSA_4YFRtD4DSPOb7iT3dkt4eQ-2.jpeg","width":250,"height":250,"caption":"ConTe Oy"},"image":{"@id":"https:\/\/www.fitforfuture.fi\/#\/schema\/logo\/image\/"},"sameAs":["https:\/\/www.facebook.com\/ConteOy"]}]}},"_links":{"self":[{"href":"https:\/\/www.fitforfuture.fi\/index.php\/wp-json\/wp\/v2\/pages\/49","targetHints":{"allow":["GET"]}}],"collection":[{"href":"https:\/\/www.fitforfuture.fi\/index.php\/wp-json\/wp\/v2\/pages"}],"about":[{"href":"https:\/\/www.fitforfuture.fi\/index.php\/wp-json\/wp\/v2\/types\/page"}],"author":[{"embeddable":true,"href":"https:\/\/www.fitforfuture.fi\/index.php\/wp-json\/wp\/v2\/users\/1"}],"replies":[{"embeddable":true,"href":"https:\/\/www.fitforfuture.fi\/index.php\/wp-json\/wp\/v2\/comments?post=49"}],"version-history":[{"count":11,"href":"https:\/\/www.fitforfuture.fi\/index.php\/wp-json\/wp\/v2\/pages\/49\/revisions"}],"predecessor-version":[{"id":218,"href":"https:\/\/www.fitforfuture.fi\/index.php\/wp-json\/wp\/v2\/pages\/49\/revisions\/218"}],"up":[{"embeddable":true,"href":"https:\/\/www.fitforfuture.fi\/index.php\/wp-json\/wp\/v2\/pages\/40"}],"wp:attachment":[{"href":"https:\/\/www.fitforfuture.fi\/index.php\/wp-json\/wp\/v2\/media?parent=49"}],"curies":[{"name":"wp","href":"https:\/\/api.w.org\/{rel}","templated":true}]}}