{"id":45,"date":"2025-03-24T10:00:22","date_gmt":"2025-03-24T10:00:22","guid":{"rendered":"https:\/\/www.fitforfuture.fi\/?page_id=45"},"modified":"2025-04-10T20:46:56","modified_gmt":"2025-04-10T20:46:56","slug":"tietosuoja","status":"publish","type":"page","link":"https:\/\/www.fitforfuture.fi\/index.php\/etusivu\/tietosuoja\/","title":{"rendered":"Tietosuojaseloste"},"content":{"rendered":"\n<h2 class=\"wp-block-heading\" id=\"block-89b31691-f8fc-4faa-a470-49c220aaab88\"><strong>CONSULTING TALENTS &amp; EVENTS CONTE OY &#8211; TIETOSUOJASELOSTE<\/strong><\/h2>\n\n\n\n<p id=\"block-0eeacce0-b656-4c37-9e8d-fadae2cee1f0\">Henkil\u00f6tietolain mukainen rekisteriseloste<\/p>\n\n\n\n<p id=\"block-3879735e-ddaf-4c61-846f-e8e0fe9d9058\">REKISTERIN NIMI<\/p>\n\n\n\n<p id=\"block-4f2050b9-5b75-4a45-add6-dc08bcb4b4c2\">ConTe Oy:n asiakas-, suoramarkkinointi- ja verkkopalveluiden k\u00e4ytt\u00e4j\u00e4rekisteri<\/p>\n\n\n\n<p id=\"block-d5732191-e618-4f83-94ba-17afd33c915c\">REKISTERINPIT\u00c4J\u00c4<\/p>\n\n\n\n<p id=\"block-1079ad80-a374-4fb3-b40b-70903311ce57\">Consulting Talents &amp; Events ConTe Oy<br>Osoite: H\u00e4meenapajantie 18 A, 00850 Helsinki<br>Puhelinnumero: 040 55 11 558<br>Y-tunnus: 2297336-4<br>\nYhteyshenkil\u00f6: toimitusjohtaja Mira Kivist\u00f6<\/p>\n\n\n\n<h2 class=\"wp-block-heading\" id=\"block-5dd7a8c3-cb00-4c72-b47b-cedb5fe88919\">YLEIST\u00c4<\/h2>\n\n\n\n<p id=\"block-05241638-f6af-433c-adb2-a5616dd7daf2\">Jotta voimme palvella sinua parhaalla mahdollisella tavalla, edellytt\u00e4\u00e4 se ett\u00e4 ker\u00e4\u00e4mme ja k\u00e4sittelemme joitakin sinua koskevia tietoja. Arvostamme kuitenkin yksityisyytt\u00e4si ja olemme sitoutuneet suojaamaan sit\u00e4. T\u00e4m\u00e4 tietosuojaseloste sis\u00e4lt\u00e4\u00e4 tietoa mit\u00e4 henkil\u00f6tietoja ker\u00e4\u00e4mme, mill\u00e4 periaattein sit\u00e4 k\u00e4sittelemme sek\u00e4 mit\u00e4 oikeuksia ja vaikuttamismahdollisuuksia sinulla on tietojasi koskien.<\/p>\n\n\n\n<p id=\"block-feefb15b-915e-43aa-badb-93c9505bd458\">ConTe Oy k\u00e4sittelee sinua koskevia henkil\u00f6tietoja erityisesti asiantuntijapalveluiden tarjoamisen yhteydess\u00e4 t\u00e4m\u00e4n tietosuojaselosteen ja sovellettavan lains\u00e4\u00e4d\u00e4nn\u00f6n mukaisesti, joten pyyd\u00e4mme sinua lukemaan t\u00e4m\u00e4n tietosuojaselosteen huolellisesti. Saatamme my\u00f6s tehd\u00e4 p\u00e4ivityksi\u00e4 t\u00e4h\u00e4n tietosuojaselosteeseen toimintamme kehittyess\u00e4 tai lains\u00e4\u00e4d\u00e4nn\u00f6n muuttuessa, joten pyyd\u00e4mme sinua k\u00e4ym\u00e4\u00e4n t\u00e4ll\u00e4 sivulla aika ajoin.<\/p>\n\n\n\n<h2 class=\"wp-block-heading\" id=\"block-0ab1df86-f8ed-4edd-b9cc-b52ca690efc7\">MIHIN TARKOITUKSEEN HENKIL\u00d6TIETOJANI KER\u00c4T\u00c4\u00c4N JA K\u00c4SITELL\u00c4\u00c4N?&nbsp;<\/h2>\n\n\n\n<p id=\"block-1f0839bc-0d40-4787-bd13-d71ceae1f172\">Ker\u00e4\u00e4mme, s\u00e4ilyt\u00e4mme ja k\u00e4sittelemme sinua koskevia henkil\u00f6tietoja vain ennalta m\u00e4\u00e4riteltyihin tarkoituksiin. P\u00e4\u00e4asiallisia k\u00e4ytt\u00f6tarkoituksia ovat:<\/p>\n\n\n\n<ul id=\"block-e0cba04e-2385-434a-b15b-e83cd0a60867\" class=\"wp-block-list\">\n<li>markkinointi potentiaalisille ja nykyisille asiakkaillemme<\/li>\n\n\n\n<li>asiakassuhteisiin liittyvien sopimusvelvoitteiden toteuttaminen ja sopimuksen valmisteleminen<\/li>\n\n\n\n<li>asiakassuhteen hoitaminen<\/li>\n\n\n\n<li>oikeudellisten velvoitteiden ja vaateiden t\u00e4ytt\u00e4minen<\/li>\n\n\n\n<li>asiakasviestint\u00e4 ja yhteydenottopyynt\u00f6ihin vastaaminen<\/li>\n\n\n\n<li>koulutuksiin osallistuvien henkil\u00f6iden ilmoittautumis- ja asiakastietojen k\u00e4sittely tapahtuman j\u00e4rjestely\u00e4 ja j\u00e4lkihoitotoimenpiteit\u00e4 varten<\/li>\n\n\n\n<li>palveluidemme tarjoamiseen liittyv\u00e4n liiketoimintamme kehitt\u00e4minen ja palveluidemme kohdentaminen&nbsp;sinulle&nbsp;&nbsp;<\/li>\n<\/ul>\n\n\n\n<h2 class=\"wp-block-heading\" id=\"block-7737439a-3c93-4b51-adfc-95966cfbf160\">MIT\u00c4 HENKIL\u00d6TIETOJA MINUSTA KER\u00c4T\u00c4\u00c4N JA MIST\u00c4 L\u00c4HTEIST\u00c4?&nbsp;<\/h2>\n\n\n\n<p id=\"block-2bd24c08-9761-44de-924d-8a2366b3268f\">Ker\u00e4\u00e4mme sinua koskevia henkil\u00f6tietoja p\u00e4\u00e4asiassa sinulta itselt\u00e4si yhteydenottojen yhteydess\u00e4 tai my\u00f6hemmin palveluidemme k\u00e4yt\u00f6n yhteydess\u00e4. Ker\u00e4\u00e4mme my\u00f6s verkkosivustomme k\u00e4vij\u00e4tietoa Google Analytics -palvelun avulla, jotta voisimme analysoida ja kehitt\u00e4\u00e4 sivustoamme entist\u00e4kin paremmaksi ja kohdentaa k\u00e4vij\u00f6ille relevanttia markkinointia. T\u00e4m\u00e4n lis\u00e4ksi saatamme ker\u00e4t\u00e4 ja k\u00e4sitell\u00e4 sinua koskevia tietoja, jotka ovat julkisista l\u00e4hteist\u00e4 ja rekistereist\u00e4, kuten sosiaalisten medioiden kanaviemme k\u00e4ytt\u00e4j\u00e4tiedot.<\/p>\n\n\n\n<p id=\"block-2b3a06cb-904d-4465-a317-ae82fc383cda\">Tyypillisesti saatamme saada suoraan sinulta seuraavia tietoja: ty\u00f6nantajayrityksen nimi, sinun nimesi, teht\u00e4v\u00e4nimike, yhteystiedot ja muu data.<\/p>\n\n\n\n<p id=\"block-00ec089b-5197-43fa-9cb7-3ebf423b12dd\">Julkisista tai kolmannen osapuolen l\u00e4hteist\u00e4 tai sovelluksista ker\u00e4tt\u00e4v\u00e4t tiedot: verkkosivuston k\u00e4vij\u00e4tiedon analysoimisesta syntyv\u00e4t tiedot ja sosiaalisten medioiden kanavien k\u00e4ytt\u00e4j\u00e4tiedot.<\/p>\n\n\n\n<h2 class=\"wp-block-heading\" id=\"block-dbc9b566-aacb-4549-81a6-9bdd7027ad48\">MILL\u00c4 PERUSTEELA HENKIL\u00d6TIETOJA K\u00c4SITELL\u00c4\u00c4N?&nbsp;<\/h2>\n\n\n\n<p id=\"block-91411233-013b-4519-9c35-e3755e9181dc\">Huolehdimme siit\u00e4, ett\u00e4 meill\u00e4 on aina lain edellytt\u00e4m\u00e4 peruste henkil\u00f6tietojesi k\u00e4sittelemiselle. Saatamme k\u00e4sitell\u00e4 henkil\u00f6tietojasi usealla eri perusteella. K\u00e4sittelemme tietojasi sopimuksen t\u00e4yt\u00e4nt\u00f6\u00f6npanemiseksi ja oikeudellisten velvoitteiden t\u00e4ytt\u00e4miseksi. K\u00e4sittelemme my\u00f6s henkil\u00f6tietojasi oikeutetun etumme nojalla, joita ovat erityisesti on palveluidemme tarjoaminen ja liiketoimintamme harjoittaminen ja kehitt\u00e4minen sek\u00e4 henkil\u00f6tietojen k\u00e4sittely suoramarkkinointitarkoituksiin. Suostumuksesi nojalla k\u00e4yt\u00e4mme s\u00e4hk\u00f6postiosoitettasi uutis- ja markkinointikirjeiden l\u00e4hett\u00e4miseen.<\/p>\n\n\n\n<p id=\"block-fd44afe6-932d-41b3-a75c-36436581a8e7\">S\u00c4\u00c4NN\u00d6NMUKAISET TIETOJEN LUOVUTUKSET JA TIETOJEN SIIRTO EU:N TAI EUROOPAN TALOUSALUEEN ULKOPUOLELLE<\/p>\n\n\n\n<p id=\"block-69677450-9f36-44b4-a1b1-0bb1d0b89df0\">Tietoja voidaan luovuttaa henkil\u00f6tietolain sallimin tavoin niille ConTe Oy:n yhteisty\u00f6kumppaneille ja alihankkijoille, jotka toimivat ConTe Oy:n toimeksiannosta. Kolmansien osapuolien tarpeisiin on mahdollista luoda erillisi\u00e4 asiakasrekistereit\u00e4, joihin asiakas liittyy omalla suostumuksellaan. N\u00e4ill\u00e4 asiakasrekistereill\u00e4 on oma rekisteriseloste.<\/p>\n\n\n\n<p id=\"block-b1209929-ec06-4fc1-9f13-37b346328f00\">Tietoja ei luovuteta EU:n tai Euroopan talousalueen ulkopuolelle.<\/p>\n\n\n\n<p id=\"block-692179f0-0cb2-4496-b5d4-687a50490c97\">REKISTERIN SUOJAUKSEN PERIAATTEET<\/p>\n\n\n\n<p id=\"block-fc44ac3a-7a62-435b-bcb1-df62486b46c1\">Tiedot ker\u00e4t\u00e4\u00e4n tietokantoihin, jotka ovat palomuureilla, salasanoilla ja muilla teknisill\u00e4 keinoilla suojattuja. Tietokannat sijaitsevat lukituissa ja vartioiduissa tiloissa, ja tietoihin p\u00e4\u00e4sev\u00e4t k\u00e4siksi vain tietyt ennalta m\u00e4\u00e4ritellyt henkil\u00f6t.<\/p>\n\n\n\n<p id=\"block-d594b08d-5fa8-4e9b-96b4-f7111cbc19d9\">TARKASTUSOIKEUS<\/p>\n\n\n\n<p id=\"block-c0650b63-3ee4-4c3f-80d1-d805dfc341fc\">K\u00e4ytt\u00e4j\u00e4ll\u00e4 on henkil\u00f6tietolain mukaisesti oikeus tarkastaa, mit\u00e4 h\u00e4nt\u00e4 koskevia tietoja henkil\u00f6rekisteriin on talletettu. Tarkastuspyynt\u00f6 tulee l\u00e4hett\u00e4\u00e4 kirjallisesti ja allekirjoitettuna osoitteella:<\/p>\n\n\n\n<p id=\"block-165f775c-6772-44ab-ae51-0aff49ebf99a\">Mira Kivist\u00f6, ConTe Oy, H\u00e4meenapajantie 18 A, 00850 Helsinki<\/p>\n\n\n\n<p id=\"block-5221f8bd-b4e3-4e05-bc5a-1a65e751baad\">TIETOJEN KORJAUSOIKEUS<\/p>\n\n\n\n<p id=\"block-b078fb49-9bc0-47b9-9a79-dfa21e3581f7\">Rekisterin j\u00e4senill\u00e4 on oikeus vaatia henkil\u00f6rekisteriss\u00e4 olevan virheellisen tiedon korjaamista. Pyynn\u00f6n virheellisen tiedon korjaamisesta voi tehd\u00e4 ottamalla yhteytt\u00e4 ConTe Oy:n toimitusjohtajaan (yhteystiedot yll\u00e4).<\/p>\n\n\n\n<p id=\"block-025a0e0e-4cb2-4376-b907-684ca307828d\">MUUT HENKIL\u00d6TIETOJEN K\u00c4SITTELYYN LIITTYV\u00c4T OIKEUDET<\/p>\n\n\n\n<p id=\"block-47368932-598d-405d-ace5-1eb7fada6932\">EU:n tietosuoja-asetuksen 2016\/679 mukaisesti rekister\u00f6idyll\u00e4 on oikeus vaatia tietojensa poistamista henkil\u00f6rekisterist\u00e4. Tiedot poistetaan, kun siihen liittyv\u00e4t molemminpuoliset velvoitteet ovat p\u00e4\u00e4ttyneet. Rekister\u00f6idyll\u00e4 on oikeus saada tietonsa siirrett\u00e4v\u00e4ss\u00e4 muodossa mukaansa. Rekisteri\u00e4 ei k\u00e4ytet\u00e4 automaattiseen p\u00e4\u00e4t\u00f6ksentekoon tai profilointiin. Mahdollisista rekister\u00f6idyn tietoon kohdistuneista tietoturvaloukkauksista tiedotetaan rekister\u00f6idyille ja viranomaisille s\u00e4\u00e4d\u00f6sten mukaisesti. Kaikissa tietosuojaan ja henkil\u00f6tietojen k\u00e4sittelyyn liittyviss\u00e4 asioissa voit ottaa yhteytt\u00e4 ConTe Oy:n toimitusjohtajaan&nbsp;(yhteystiedot yll\u00e4).<\/p>\n","protected":false},"excerpt":{"rendered":"<p>CONSULTING TALENTS &amp; EVENTS CONTE OY &#8211; TIETOSUOJASELOSTE Henkil\u00f6tietolain mukainen rekisteriseloste REKISTERIN NIMI ConTe Oy:n asiakas-, suoramarkkinointi- ja verkkopalveluiden k\u00e4ytt\u00e4j\u00e4rekisteri REKISTERINPIT\u00c4J\u00c4 Consulting Talents &amp; Events ConTe OyOsoite: H\u00e4meenapajantie 18 A, 00850 HelsinkiPuhelinnumero: 040 55 11 558Y-tunnus: 2297336-4 Yhteyshenkil\u00f6: toimitusjohtaja Mira Kivist\u00f6 YLEIST\u00c4 Jotta voimme palvella sinua parhaalla mahdollisella tavalla, edellytt\u00e4\u00e4 se ett\u00e4 ker\u00e4\u00e4mme ja k\u00e4sittelemme &hellip; <\/p>\n<p class=\"link-more\"><a href=\"https:\/\/www.fitforfuture.fi\/index.php\/etusivu\/tietosuoja\/\" class=\"more-link\">Jatka lukemista<span class=\"screen-reader-text\"> &#8221;Tietosuojaseloste&#8221;<\/span><\/a><\/p>\n","protected":false},"author":1,"featured_media":0,"parent":40,"menu_order":4,"comment_status":"closed","ping_status":"closed","template":"","meta":{"footnotes":""},"class_list":["post-45","page","type-page","status-publish","hentry"],"yoast_head":"<!-- This site is optimized with the Yoast SEO plugin v27.5 - https:\/\/yoast.com\/product\/yoast-seo-wordpress\/ -->\n<title>Tietosuojaseloste - Fit For Future<\/title>\n<meta name=\"description\" content=\"Consulting Talents &amp; Events ConTe Oy:n tietosuojaseloste. Tietonne ovat turvassa yrityst\u00e4nne auttaessamme.\" \/>\n<meta name=\"robots\" content=\"index, follow, max-snippet:-1, max-image-preview:large, max-video-preview:-1\" \/>\n<link rel=\"canonical\" href=\"https:\/\/www.fitforfuture.fi\/index.php\/etusivu\/tietosuoja\/\" \/>\n<meta property=\"og:locale\" content=\"fi_FI\" \/>\n<meta property=\"og:type\" content=\"article\" \/>\n<meta property=\"og:title\" content=\"Tietosuojaseloste - Fit For Future\" \/>\n<meta property=\"og:description\" content=\"Consulting Talents &amp; Events ConTe Oy:n tietosuojaseloste. Tietonne ovat turvassa yrityst\u00e4nne auttaessamme.\" \/>\n<meta property=\"og:url\" content=\"https:\/\/www.fitforfuture.fi\/index.php\/etusivu\/tietosuoja\/\" \/>\n<meta property=\"og:site_name\" content=\"Fit For Future\" \/>\n<meta property=\"article:publisher\" content=\"https:\/\/www.facebook.com\/ConteOy\" \/>\n<meta property=\"article:modified_time\" content=\"2025-04-10T20:46:56+00:00\" \/>\n<meta name=\"twitter:card\" content=\"summary_large_image\" \/>\n<meta name=\"twitter:label1\" content=\"Arvioitu lukuaika\" \/>\n\t<meta name=\"twitter:data1\" content=\"4 minuuttia\" \/>\n<script type=\"application\/ld+json\" class=\"yoast-schema-graph\">{\"@context\":\"https:\\\/\\\/schema.org\",\"@graph\":[{\"@type\":\"WebPage\",\"@id\":\"https:\\\/\\\/www.fitforfuture.fi\\\/index.php\\\/etusivu\\\/tietosuoja\\\/\",\"url\":\"https:\\\/\\\/www.fitforfuture.fi\\\/index.php\\\/etusivu\\\/tietosuoja\\\/\",\"name\":\"Tietosuojaseloste - Fit For Future\",\"isPartOf\":{\"@id\":\"https:\\\/\\\/www.fitforfuture.fi\\\/#website\"},\"datePublished\":\"2025-03-24T10:00:22+00:00\",\"dateModified\":\"2025-04-10T20:46:56+00:00\",\"description\":\"Consulting Talents & Events ConTe Oy:n tietosuojaseloste. Tietonne ovat turvassa yrityst\u00e4nne auttaessamme.\",\"breadcrumb\":{\"@id\":\"https:\\\/\\\/www.fitforfuture.fi\\\/index.php\\\/etusivu\\\/tietosuoja\\\/#breadcrumb\"},\"inLanguage\":\"fi\",\"potentialAction\":[{\"@type\":\"ReadAction\",\"target\":[\"https:\\\/\\\/www.fitforfuture.fi\\\/index.php\\\/etusivu\\\/tietosuoja\\\/\"]}]},{\"@type\":\"BreadcrumbList\",\"@id\":\"https:\\\/\\\/www.fitforfuture.fi\\\/index.php\\\/etusivu\\\/tietosuoja\\\/#breadcrumb\",\"itemListElement\":[{\"@type\":\"ListItem\",\"position\":1,\"name\":\"Etusivu\",\"item\":\"https:\\\/\\\/www.fitforfuture.fi\\\/\"},{\"@type\":\"ListItem\",\"position\":2,\"name\":\"Fit for Future &#8211; Valmiina tulevaan!\",\"item\":\"https:\\\/\\\/www.fitforfuture.fi\\\/\"},{\"@type\":\"ListItem\",\"position\":3,\"name\":\"Tietosuojaseloste\"}]},{\"@type\":\"WebSite\",\"@id\":\"https:\\\/\\\/www.fitforfuture.fi\\\/#website\",\"url\":\"https:\\\/\\\/www.fitforfuture.fi\\\/\",\"name\":\"Fit For Future\",\"description\":\"Varmista yrityksesi tulevaisuus jo t&auml;n&auml;&auml;n!\",\"publisher\":{\"@id\":\"https:\\\/\\\/www.fitforfuture.fi\\\/#organization\"},\"potentialAction\":[{\"@type\":\"SearchAction\",\"target\":{\"@type\":\"EntryPoint\",\"urlTemplate\":\"https:\\\/\\\/www.fitforfuture.fi\\\/?s={search_term_string}\"},\"query-input\":{\"@type\":\"PropertyValueSpecification\",\"valueRequired\":true,\"valueName\":\"search_term_string\"}}],\"inLanguage\":\"fi\"},{\"@type\":\"Organization\",\"@id\":\"https:\\\/\\\/www.fitforfuture.fi\\\/#organization\",\"name\":\"ConTe Oy\",\"url\":\"https:\\\/\\\/www.fitforfuture.fi\\\/\",\"logo\":{\"@type\":\"ImageObject\",\"inLanguage\":\"fi\",\"@id\":\"https:\\\/\\\/www.fitforfuture.fi\\\/#\\\/schema\\\/logo\\\/image\\\/\",\"url\":\"https:\\\/\\\/www.fitforfuture.fi\\\/wp-content\\\/uploads\\\/2025\\\/03\\\/cropped-a-business-style-image-with-orange-text-_USFi1xZFQOeRjrjqvNKmSA_4YFRtD4DSPOb7iT3dkt4eQ-2.jpeg\",\"contentUrl\":\"https:\\\/\\\/www.fitforfuture.fi\\\/wp-content\\\/uploads\\\/2025\\\/03\\\/cropped-a-business-style-image-with-orange-text-_USFi1xZFQOeRjrjqvNKmSA_4YFRtD4DSPOb7iT3dkt4eQ-2.jpeg\",\"width\":250,\"height\":250,\"caption\":\"ConTe Oy\"},\"image\":{\"@id\":\"https:\\\/\\\/www.fitforfuture.fi\\\/#\\\/schema\\\/logo\\\/image\\\/\"},\"sameAs\":[\"https:\\\/\\\/www.facebook.com\\\/ConteOy\"]}]}<\/script>\n<!-- \/ Yoast SEO plugin. -->","yoast_head_json":{"title":"Tietosuojaseloste - Fit For Future","description":"Consulting Talents & Events ConTe Oy:n tietosuojaseloste. Tietonne ovat turvassa yrityst\u00e4nne auttaessamme.","robots":{"index":"index","follow":"follow","max-snippet":"max-snippet:-1","max-image-preview":"max-image-preview:large","max-video-preview":"max-video-preview:-1"},"canonical":"https:\/\/www.fitforfuture.fi\/index.php\/etusivu\/tietosuoja\/","og_locale":"fi_FI","og_type":"article","og_title":"Tietosuojaseloste - Fit For Future","og_description":"Consulting Talents & Events ConTe Oy:n tietosuojaseloste. Tietonne ovat turvassa yrityst\u00e4nne auttaessamme.","og_url":"https:\/\/www.fitforfuture.fi\/index.php\/etusivu\/tietosuoja\/","og_site_name":"Fit For Future","article_publisher":"https:\/\/www.facebook.com\/ConteOy","article_modified_time":"2025-04-10T20:46:56+00:00","twitter_card":"summary_large_image","twitter_misc":{"Arvioitu lukuaika":"4 minuuttia"},"schema":{"@context":"https:\/\/schema.org","@graph":[{"@type":"WebPage","@id":"https:\/\/www.fitforfuture.fi\/index.php\/etusivu\/tietosuoja\/","url":"https:\/\/www.fitforfuture.fi\/index.php\/etusivu\/tietosuoja\/","name":"Tietosuojaseloste - Fit For Future","isPartOf":{"@id":"https:\/\/www.fitforfuture.fi\/#website"},"datePublished":"2025-03-24T10:00:22+00:00","dateModified":"2025-04-10T20:46:56+00:00","description":"Consulting Talents & Events ConTe Oy:n tietosuojaseloste. Tietonne ovat turvassa yrityst\u00e4nne auttaessamme.","breadcrumb":{"@id":"https:\/\/www.fitforfuture.fi\/index.php\/etusivu\/tietosuoja\/#breadcrumb"},"inLanguage":"fi","potentialAction":[{"@type":"ReadAction","target":["https:\/\/www.fitforfuture.fi\/index.php\/etusivu\/tietosuoja\/"]}]},{"@type":"BreadcrumbList","@id":"https:\/\/www.fitforfuture.fi\/index.php\/etusivu\/tietosuoja\/#breadcrumb","itemListElement":[{"@type":"ListItem","position":1,"name":"Etusivu","item":"https:\/\/www.fitforfuture.fi\/"},{"@type":"ListItem","position":2,"name":"Fit for Future &#8211; Valmiina tulevaan!","item":"https:\/\/www.fitforfuture.fi\/"},{"@type":"ListItem","position":3,"name":"Tietosuojaseloste"}]},{"@type":"WebSite","@id":"https:\/\/www.fitforfuture.fi\/#website","url":"https:\/\/www.fitforfuture.fi\/","name":"Fit For Future","description":"Varmista yrityksesi tulevaisuus jo t&auml;n&auml;&auml;n!","publisher":{"@id":"https:\/\/www.fitforfuture.fi\/#organization"},"potentialAction":[{"@type":"SearchAction","target":{"@type":"EntryPoint","urlTemplate":"https:\/\/www.fitforfuture.fi\/?s={search_term_string}"},"query-input":{"@type":"PropertyValueSpecification","valueRequired":true,"valueName":"search_term_string"}}],"inLanguage":"fi"},{"@type":"Organization","@id":"https:\/\/www.fitforfuture.fi\/#organization","name":"ConTe Oy","url":"https:\/\/www.fitforfuture.fi\/","logo":{"@type":"ImageObject","inLanguage":"fi","@id":"https:\/\/www.fitforfuture.fi\/#\/schema\/logo\/image\/","url":"https:\/\/www.fitforfuture.fi\/wp-content\/uploads\/2025\/03\/cropped-a-business-style-image-with-orange-text-_USFi1xZFQOeRjrjqvNKmSA_4YFRtD4DSPOb7iT3dkt4eQ-2.jpeg","contentUrl":"https:\/\/www.fitforfuture.fi\/wp-content\/uploads\/2025\/03\/cropped-a-business-style-image-with-orange-text-_USFi1xZFQOeRjrjqvNKmSA_4YFRtD4DSPOb7iT3dkt4eQ-2.jpeg","width":250,"height":250,"caption":"ConTe Oy"},"image":{"@id":"https:\/\/www.fitforfuture.fi\/#\/schema\/logo\/image\/"},"sameAs":["https:\/\/www.facebook.com\/ConteOy"]}]}},"_links":{"self":[{"href":"https:\/\/www.fitforfuture.fi\/index.php\/wp-json\/wp\/v2\/pages\/45","targetHints":{"allow":["GET"]}}],"collection":[{"href":"https:\/\/www.fitforfuture.fi\/index.php\/wp-json\/wp\/v2\/pages"}],"about":[{"href":"https:\/\/www.fitforfuture.fi\/index.php\/wp-json\/wp\/v2\/types\/page"}],"author":[{"embeddable":true,"href":"https:\/\/www.fitforfuture.fi\/index.php\/wp-json\/wp\/v2\/users\/1"}],"replies":[{"embeddable":true,"href":"https:\/\/www.fitforfuture.fi\/index.php\/wp-json\/wp\/v2\/comments?post=45"}],"version-history":[{"count":5,"href":"https:\/\/www.fitforfuture.fi\/index.php\/wp-json\/wp\/v2\/pages\/45\/revisions"}],"predecessor-version":[{"id":128,"href":"https:\/\/www.fitforfuture.fi\/index.php\/wp-json\/wp\/v2\/pages\/45\/revisions\/128"}],"up":[{"embeddable":true,"href":"https:\/\/www.fitforfuture.fi\/index.php\/wp-json\/wp\/v2\/pages\/40"}],"wp:attachment":[{"href":"https:\/\/www.fitforfuture.fi\/index.php\/wp-json\/wp\/v2\/media?parent=45"}],"curies":[{"name":"wp","href":"https:\/\/api.w.org\/{rel}","templated":true}]}}