{"id":40,"date":"2025-03-24T09:45:13","date_gmt":"2025-03-24T09:45:13","guid":{"rendered":"https:\/\/www.fitforfuture.fi\/?page_id=40"},"modified":"2025-08-14T16:06:25","modified_gmt":"2025-08-14T16:06:25","slug":"etusivu","status":"publish","type":"page","link":"https:\/\/www.fitforfuture.fi\/","title":{"rendered":"Fit for Future &#8211; Valmiina tulevaan!"},"content":{"rendered":"\n<p>Fit for Future \u2013konseptin avulla yritys voi varmistaa olevansa kyvyk\u00e4s menestym\u00e4\u00e4n my\u00f6s tulevaisuudessa. <\/p>\n\n\n\n<p>Fit for Future \u2013ty\u00f6paja perustuu\u00a0globaalisti k\u00e4ytettyyn kehitt\u00e4misen ja muutosjohtamisen viitekehykseen, EFQM-malliin, joka toimii my\u00f6s mm. Suomen Laatupalkintokilpailun kriteerist\u00f6n\u00e4.\u00a0<\/p>\n\n\n\n<p>Ty\u00f6pajan vet\u00e4j\u00e4 Mira Kivist\u00f6 on kehitt\u00e4nyt pitk\u00e4n kokemuksensa perusteella t\u00e4m\u00e4n ketter\u00e4n ja eritt\u00e4in k\u00e4yt\u00e4nn\u00f6nl\u00e4heisen menetelm\u00e4n saada henkil\u00f6st\u00f6 antamaan arvokas panoksensa yrityksen tulevaisuuden menestykseen. Fit for Future -ty\u00f6pajan avulla saadaan kaikki samalle kartalle yrityksen strategiaa toteuttamaan.<\/p>\n\n\n\n<p><strong>Fit for Future -ty\u00f6pajan yleisimpi\u00e4 hy\u00f6dynt\u00e4mistilanteita:<\/strong><\/p>\n\n\n\n<div class=\"wp-block-group\"><div class=\"wp-block-group__inner-container is-layout-constrained wp-block-group-is-layout-constrained\">\n<div class=\"wp-block-group is-layout-grid wp-container-core-group-is-layout-9649a0d9 wp-block-group-is-layout-grid\">\n<p>Liiketoiminnan kehitt\u00e4minen\u200b<\/p>\n\n\n\n<p>\u200bMuutosjohtaminen\u200b<\/p>\n\n\n\n<p>\u200bYrityksen tulevaisuuden suunnittelu\u200b<\/p>\n\n\n\n<p>\u200bKetter\u00e4n organisaatio\u200b-kulttuurin rakentaminen<\/p>\n\n\n\n<p>\u200bStrategiaty\u00f6paja\u200b<\/p>\n\n\n\n<p>\u200bYrityksen strategian toteuttaminen\u200b<\/p>\n\n\n\n<p>\u200bHenkil\u00f6st\u00f6n osallistaminen\u200b<\/p>\n\n\n\n<p>\u200bTulevaisuuden menestystekij\u00f6iden kartoitus<\/p>\n<\/div>\n\n\n\n<p><strong>Asiakkaan kommentti<\/strong>:<\/p>\n\n\n\n<p><em>&#8221;Ty\u00f6pajat olivat k\u00e4yt\u00e4nn\u00f6nl\u00e4heisi\u00e4 ja auttoivat pureutumaan arvioitavien yksik\u00f6iden toimintaan kokonaisvaltaisesti. Mira oli vet\u00e4j\u00e4n\u00e4 helposti l\u00e4hestytt\u00e4v\u00e4 todella sitoutunut organisaatiomme onnistumiseen. Mira on enemm\u00e4n kollega kuin konsultti.&#8221;<\/em><\/p>\n<\/div><\/div>\n\n\n\n<p><strong>Onko teid\u00e4n yrityksenne Fit for Future?<\/strong><\/p>\n\n\n\n<div class=\"wp-block-buttons is-layout-flex wp-block-buttons-is-layout-flex\">\n<div class=\"wp-block-button\"><a class=\"wp-block-button__link wp-element-button\" href=\"https:\/\/www.fitforfuture.fi\/index.php\/etusivu\/yhteystiedot\/\">Kysy lis\u00e4\u00e4<\/a><\/div>\n<\/div>\n\n\n\n<p><\/p>\n","protected":false},"excerpt":{"rendered":"<p>Fit for Future \u2013konseptin avulla yritys voi varmistaa olevansa kyvyk\u00e4s menestym\u00e4\u00e4n my\u00f6s tulevaisuudessa. Fit for Future \u2013ty\u00f6paja perustuu\u00a0globaalisti k\u00e4ytettyyn kehitt\u00e4misen ja muutosjohtamisen viitekehykseen, EFQM-malliin, joka toimii my\u00f6s mm. Suomen Laatupalkintokilpailun kriteerist\u00f6n\u00e4.\u00a0 Ty\u00f6pajan vet\u00e4j\u00e4 Mira Kivist\u00f6 on kehitt\u00e4nyt pitk\u00e4n kokemuksensa perusteella t\u00e4m\u00e4n ketter\u00e4n ja eritt\u00e4in k\u00e4yt\u00e4nn\u00f6nl\u00e4heisen menetelm\u00e4n saada henkil\u00f6st\u00f6 antamaan arvokas panoksensa yrityksen tulevaisuuden menestykseen. Fit &hellip; <\/p>\n<p class=\"link-more\"><a href=\"https:\/\/www.fitforfuture.fi\/\" class=\"more-link\">Jatka lukemista<span class=\"screen-reader-text\"> &#8221;Fit for Future &#8211; Valmiina tulevaan!&#8221;<\/span><\/a><\/p>\n","protected":false},"author":1,"featured_media":208,"parent":0,"menu_order":0,"comment_status":"closed","ping_status":"closed","template":"","meta":{"footnotes":""},"class_list":["post-40","page","type-page","status-publish","has-post-thumbnail","hentry"],"yoast_head":"<!-- This site is optimized with the Yoast SEO plugin v27.5 - https:\/\/yoast.com\/product\/yoast-seo-wordpress\/ -->\n<title>Fit for Future - Valmiina tulevaan! - Fit For Future<\/title>\n<meta name=\"description\" content=\"Fit for Future -ty\u00f6paja varmistaa yrityksen suorituskyvyn my\u00f6s jatkossa. Osallista henkil\u00f6st\u00f6 strategian toteuttamiseen ja kehitt\u00e4miseen!\" \/>\n<meta name=\"robots\" content=\"index, follow, max-snippet:-1, max-image-preview:large, max-video-preview:-1\" \/>\n<link rel=\"canonical\" href=\"https:\/\/www.fitforfuture.fi\/\" \/>\n<meta property=\"og:locale\" content=\"fi_FI\" \/>\n<meta property=\"og:type\" content=\"article\" \/>\n<meta property=\"og:title\" content=\"Fit for Future - Valmiina tulevaan! - Fit For Future\" \/>\n<meta property=\"og:description\" content=\"Fit for Future -ty\u00f6paja varmistaa yrityksen suorituskyvyn my\u00f6s jatkossa. Osallista henkil\u00f6st\u00f6 strategian toteuttamiseen ja kehitt\u00e4miseen!\" \/>\n<meta property=\"og:url\" content=\"https:\/\/www.fitforfuture.fi\/\" \/>\n<meta property=\"og:site_name\" content=\"Fit For Future\" \/>\n<meta property=\"article:publisher\" content=\"https:\/\/www.facebook.com\/ConteOy\" \/>\n<meta property=\"article:modified_time\" content=\"2025-08-14T16:06:25+00:00\" \/>\n<meta property=\"og:image\" content=\"https:\/\/www.fitforfuture.fi\/wp-content\/uploads\/2025\/08\/FFF-kuva-1.png\" \/>\n\t<meta property=\"og:image:width\" content=\"1024\" \/>\n\t<meta property=\"og:image:height\" content=\"1024\" \/>\n\t<meta property=\"og:image:type\" content=\"image\/png\" \/>\n<meta name=\"twitter:card\" content=\"summary_large_image\" \/>\n<meta name=\"twitter:label1\" content=\"Arvioitu lukuaika\" \/>\n\t<meta name=\"twitter:data1\" content=\"1 minuutti\" \/>\n<script type=\"application\/ld+json\" class=\"yoast-schema-graph\">{\"@context\":\"https:\\\/\\\/schema.org\",\"@graph\":[{\"@type\":\"WebPage\",\"@id\":\"https:\\\/\\\/www.fitforfuture.fi\\\/\",\"url\":\"https:\\\/\\\/www.fitforfuture.fi\\\/\",\"name\":\"Fit for Future - Valmiina tulevaan! - Fit For Future\",\"isPartOf\":{\"@id\":\"https:\\\/\\\/www.fitforfuture.fi\\\/#website\"},\"primaryImageOfPage\":{\"@id\":\"https:\\\/\\\/www.fitforfuture.fi\\\/#primaryimage\"},\"image\":{\"@id\":\"https:\\\/\\\/www.fitforfuture.fi\\\/#primaryimage\"},\"thumbnailUrl\":\"https:\\\/\\\/www.fitforfuture.fi\\\/wp-content\\\/uploads\\\/2025\\\/08\\\/FFF-kuva-1.png\",\"datePublished\":\"2025-03-24T09:45:13+00:00\",\"dateModified\":\"2025-08-14T16:06:25+00:00\",\"description\":\"Fit for Future -ty\u00f6paja varmistaa yrityksen suorituskyvyn my\u00f6s jatkossa. Osallista henkil\u00f6st\u00f6 strategian toteuttamiseen ja kehitt\u00e4miseen!\",\"breadcrumb\":{\"@id\":\"https:\\\/\\\/www.fitforfuture.fi\\\/#breadcrumb\"},\"inLanguage\":\"fi\",\"potentialAction\":[{\"@type\":\"ReadAction\",\"target\":[\"https:\\\/\\\/www.fitforfuture.fi\\\/\"]}]},{\"@type\":\"ImageObject\",\"inLanguage\":\"fi\",\"@id\":\"https:\\\/\\\/www.fitforfuture.fi\\\/#primaryimage\",\"url\":\"https:\\\/\\\/www.fitforfuture.fi\\\/wp-content\\\/uploads\\\/2025\\\/08\\\/FFF-kuva-1.png\",\"contentUrl\":\"https:\\\/\\\/www.fitforfuture.fi\\\/wp-content\\\/uploads\\\/2025\\\/08\\\/FFF-kuva-1.png\",\"width\":1024,\"height\":1024},{\"@type\":\"BreadcrumbList\",\"@id\":\"https:\\\/\\\/www.fitforfuture.fi\\\/#breadcrumb\",\"itemListElement\":[{\"@type\":\"ListItem\",\"position\":1,\"name\":\"Etusivu\",\"item\":\"https:\\\/\\\/www.fitforfuture.fi\\\/\"},{\"@type\":\"ListItem\",\"position\":2,\"name\":\"Fit for Future &#8211; Valmiina tulevaan!\"}]},{\"@type\":\"WebSite\",\"@id\":\"https:\\\/\\\/www.fitforfuture.fi\\\/#website\",\"url\":\"https:\\\/\\\/www.fitforfuture.fi\\\/\",\"name\":\"Fit For Future\",\"description\":\"Varmista yrityksesi tulevaisuus jo t&auml;n&auml;&auml;n!\",\"publisher\":{\"@id\":\"https:\\\/\\\/www.fitforfuture.fi\\\/#organization\"},\"potentialAction\":[{\"@type\":\"SearchAction\",\"target\":{\"@type\":\"EntryPoint\",\"urlTemplate\":\"https:\\\/\\\/www.fitforfuture.fi\\\/?s={search_term_string}\"},\"query-input\":{\"@type\":\"PropertyValueSpecification\",\"valueRequired\":true,\"valueName\":\"search_term_string\"}}],\"inLanguage\":\"fi\"},{\"@type\":\"Organization\",\"@id\":\"https:\\\/\\\/www.fitforfuture.fi\\\/#organization\",\"name\":\"ConTe Oy\",\"url\":\"https:\\\/\\\/www.fitforfuture.fi\\\/\",\"logo\":{\"@type\":\"ImageObject\",\"inLanguage\":\"fi\",\"@id\":\"https:\\\/\\\/www.fitforfuture.fi\\\/#\\\/schema\\\/logo\\\/image\\\/\",\"url\":\"https:\\\/\\\/www.fitforfuture.fi\\\/wp-content\\\/uploads\\\/2025\\\/03\\\/cropped-a-business-style-image-with-orange-text-_USFi1xZFQOeRjrjqvNKmSA_4YFRtD4DSPOb7iT3dkt4eQ-2.jpeg\",\"contentUrl\":\"https:\\\/\\\/www.fitforfuture.fi\\\/wp-content\\\/uploads\\\/2025\\\/03\\\/cropped-a-business-style-image-with-orange-text-_USFi1xZFQOeRjrjqvNKmSA_4YFRtD4DSPOb7iT3dkt4eQ-2.jpeg\",\"width\":250,\"height\":250,\"caption\":\"ConTe Oy\"},\"image\":{\"@id\":\"https:\\\/\\\/www.fitforfuture.fi\\\/#\\\/schema\\\/logo\\\/image\\\/\"},\"sameAs\":[\"https:\\\/\\\/www.facebook.com\\\/ConteOy\"]}]}<\/script>\n<!-- \/ Yoast SEO plugin. -->","yoast_head_json":{"title":"Fit for Future - Valmiina tulevaan! - Fit For Future","description":"Fit for Future -ty\u00f6paja varmistaa yrityksen suorituskyvyn my\u00f6s jatkossa. Osallista henkil\u00f6st\u00f6 strategian toteuttamiseen ja kehitt\u00e4miseen!","robots":{"index":"index","follow":"follow","max-snippet":"max-snippet:-1","max-image-preview":"max-image-preview:large","max-video-preview":"max-video-preview:-1"},"canonical":"https:\/\/www.fitforfuture.fi\/","og_locale":"fi_FI","og_type":"article","og_title":"Fit for Future - Valmiina tulevaan! - Fit For Future","og_description":"Fit for Future -ty\u00f6paja varmistaa yrityksen suorituskyvyn my\u00f6s jatkossa. Osallista henkil\u00f6st\u00f6 strategian toteuttamiseen ja kehitt\u00e4miseen!","og_url":"https:\/\/www.fitforfuture.fi\/","og_site_name":"Fit For Future","article_publisher":"https:\/\/www.facebook.com\/ConteOy","article_modified_time":"2025-08-14T16:06:25+00:00","og_image":[{"width":1024,"height":1024,"url":"https:\/\/www.fitforfuture.fi\/wp-content\/uploads\/2025\/08\/FFF-kuva-1.png","type":"image\/png"}],"twitter_card":"summary_large_image","twitter_misc":{"Arvioitu lukuaika":"1 minuutti"},"schema":{"@context":"https:\/\/schema.org","@graph":[{"@type":"WebPage","@id":"https:\/\/www.fitforfuture.fi\/","url":"https:\/\/www.fitforfuture.fi\/","name":"Fit for Future - Valmiina tulevaan! - Fit For Future","isPartOf":{"@id":"https:\/\/www.fitforfuture.fi\/#website"},"primaryImageOfPage":{"@id":"https:\/\/www.fitforfuture.fi\/#primaryimage"},"image":{"@id":"https:\/\/www.fitforfuture.fi\/#primaryimage"},"thumbnailUrl":"https:\/\/www.fitforfuture.fi\/wp-content\/uploads\/2025\/08\/FFF-kuva-1.png","datePublished":"2025-03-24T09:45:13+00:00","dateModified":"2025-08-14T16:06:25+00:00","description":"Fit for Future -ty\u00f6paja varmistaa yrityksen suorituskyvyn my\u00f6s jatkossa. Osallista henkil\u00f6st\u00f6 strategian toteuttamiseen ja kehitt\u00e4miseen!","breadcrumb":{"@id":"https:\/\/www.fitforfuture.fi\/#breadcrumb"},"inLanguage":"fi","potentialAction":[{"@type":"ReadAction","target":["https:\/\/www.fitforfuture.fi\/"]}]},{"@type":"ImageObject","inLanguage":"fi","@id":"https:\/\/www.fitforfuture.fi\/#primaryimage","url":"https:\/\/www.fitforfuture.fi\/wp-content\/uploads\/2025\/08\/FFF-kuva-1.png","contentUrl":"https:\/\/www.fitforfuture.fi\/wp-content\/uploads\/2025\/08\/FFF-kuva-1.png","width":1024,"height":1024},{"@type":"BreadcrumbList","@id":"https:\/\/www.fitforfuture.fi\/#breadcrumb","itemListElement":[{"@type":"ListItem","position":1,"name":"Etusivu","item":"https:\/\/www.fitforfuture.fi\/"},{"@type":"ListItem","position":2,"name":"Fit for Future &#8211; Valmiina tulevaan!"}]},{"@type":"WebSite","@id":"https:\/\/www.fitforfuture.fi\/#website","url":"https:\/\/www.fitforfuture.fi\/","name":"Fit For Future","description":"Varmista yrityksesi tulevaisuus jo t&auml;n&auml;&auml;n!","publisher":{"@id":"https:\/\/www.fitforfuture.fi\/#organization"},"potentialAction":[{"@type":"SearchAction","target":{"@type":"EntryPoint","urlTemplate":"https:\/\/www.fitforfuture.fi\/?s={search_term_string}"},"query-input":{"@type":"PropertyValueSpecification","valueRequired":true,"valueName":"search_term_string"}}],"inLanguage":"fi"},{"@type":"Organization","@id":"https:\/\/www.fitforfuture.fi\/#organization","name":"ConTe Oy","url":"https:\/\/www.fitforfuture.fi\/","logo":{"@type":"ImageObject","inLanguage":"fi","@id":"https:\/\/www.fitforfuture.fi\/#\/schema\/logo\/image\/","url":"https:\/\/www.fitforfuture.fi\/wp-content\/uploads\/2025\/03\/cropped-a-business-style-image-with-orange-text-_USFi1xZFQOeRjrjqvNKmSA_4YFRtD4DSPOb7iT3dkt4eQ-2.jpeg","contentUrl":"https:\/\/www.fitforfuture.fi\/wp-content\/uploads\/2025\/03\/cropped-a-business-style-image-with-orange-text-_USFi1xZFQOeRjrjqvNKmSA_4YFRtD4DSPOb7iT3dkt4eQ-2.jpeg","width":250,"height":250,"caption":"ConTe Oy"},"image":{"@id":"https:\/\/www.fitforfuture.fi\/#\/schema\/logo\/image\/"},"sameAs":["https:\/\/www.facebook.com\/ConteOy"]}]}},"_links":{"self":[{"href":"https:\/\/www.fitforfuture.fi\/index.php\/wp-json\/wp\/v2\/pages\/40","targetHints":{"allow":["GET"]}}],"collection":[{"href":"https:\/\/www.fitforfuture.fi\/index.php\/wp-json\/wp\/v2\/pages"}],"about":[{"href":"https:\/\/www.fitforfuture.fi\/index.php\/wp-json\/wp\/v2\/types\/page"}],"author":[{"embeddable":true,"href":"https:\/\/www.fitforfuture.fi\/index.php\/wp-json\/wp\/v2\/users\/1"}],"replies":[{"embeddable":true,"href":"https:\/\/www.fitforfuture.fi\/index.php\/wp-json\/wp\/v2\/comments?post=40"}],"version-history":[{"count":13,"href":"https:\/\/www.fitforfuture.fi\/index.php\/wp-json\/wp\/v2\/pages\/40\/revisions"}],"predecessor-version":[{"id":220,"href":"https:\/\/www.fitforfuture.fi\/index.php\/wp-json\/wp\/v2\/pages\/40\/revisions\/220"}],"wp:featuredmedia":[{"embeddable":true,"href":"https:\/\/www.fitforfuture.fi\/index.php\/wp-json\/wp\/v2\/media\/208"}],"wp:attachment":[{"href":"https:\/\/www.fitforfuture.fi\/index.php\/wp-json\/wp\/v2\/media?parent=40"}],"curies":[{"name":"wp","href":"https:\/\/api.w.org\/{rel}","templated":true}]}}